{"id":43498,"date":"2025-06-18T11:01:30","date_gmt":"2025-06-18T11:01:30","guid":{"rendered":"https:\/\/zl.jewelry\/product\/rope-blue-with-inserts-standard\/"},"modified":"2026-02-06T09:58:01","modified_gmt":"2026-02-06T09:58:01","slug":"rope-blue-with-inserts-standard","status":"publish","type":"product","link":"https:\/\/zl.jewelry\/pl\/product\/rope-blue-with-inserts-standard\/","title":{"rendered":"Sznur niebieski z wstawkami &#8222;Standard&#8221;"},"content":{"rendered":"<p>Sznur jubilerski o \u015brednicy 3 mm.D\u0142ugo\u015b\u0107 sznura na \u017cyczenie klienta. Z\u0142ote wstawki w kolorze czerwonego z\u0142ota, g\u0142adkie. Zapi\u0119cie na karabi\u0144czyk.<\/p>\n","protected":false},"excerpt":{"rendered":"<p>Sznur jubilerski o \u015brednicy 3 mm.D\u0142ugo\u015b\u0107 sznura na \u017cyczenie klienta. Z\u0142ote wstawki w kolorze czerwonego z\u0142ota, g\u0142adkie. Zapi\u0119cie na karabi\u0144czyk.<\/p>\n","protected":false},"featured_media":43499,"template":"","meta":{"_acf_changed":false},"product_brand":[],"product_cat":[496,497,499],"product_tag":[],"class_list":{"0":"post-43498","1":"product","2":"type-product","3":"status-publish","4":"has-post-thumbnail","6":"product_cat-jewelry-laces-pl","7":"product_cat-childrens-womens-pl","8":"product_cat-nylon-mens-pl","10":"first","11":"instock","12":"product-type-simple"},"acf":[],"_links":{"self":[{"href":"https:\/\/zl.jewelry\/pl\/wp-json\/wp\/v2\/product\/43498","targetHints":{"allow":["GET"]}}],"collection":[{"href":"https:\/\/zl.jewelry\/pl\/wp-json\/wp\/v2\/product"}],"about":[{"href":"https:\/\/zl.jewelry\/pl\/wp-json\/wp\/v2\/types\/product"}],"wp:featuredmedia":[{"embeddable":true,"href":"https:\/\/zl.jewelry\/pl\/wp-json\/wp\/v2\/media\/43499"}],"wp:attachment":[{"href":"https:\/\/zl.jewelry\/pl\/wp-json\/wp\/v2\/media?parent=43498"}],"wp:term":[{"taxonomy":"product_brand","embeddable":true,"href":"https:\/\/zl.jewelry\/pl\/wp-json\/wp\/v2\/product_brand?post=43498"},{"taxonomy":"product_cat","embeddable":true,"href":"https:\/\/zl.jewelry\/pl\/wp-json\/wp\/v2\/product_cat?post=43498"},{"taxonomy":"product_tag","embeddable":true,"href":"https:\/\/zl.jewelry\/pl\/wp-json\/wp\/v2\/product_tag?post=43498"}],"curies":[{"name":"wp","href":"https:\/\/api.w.org\/{rel}","templated":true}]}}