{"id":43494,"date":"2025-06-18T11:01:30","date_gmt":"2025-06-18T11:01:30","guid":{"rendered":"https:\/\/zl.jewelry\/product\/chain-fox-tail\/"},"modified":"2026-02-06T09:48:37","modified_gmt":"2026-02-06T09:48:37","slug":"chain-fox-tail","status":"publish","type":"product","link":"https:\/\/zl.jewelry\/pl\/product\/chain-fox-tail\/","title":{"rendered":"\u0141a\u0144cuszek &#8222;Fox tail&#8221;"},"content":{"rendered":"<section class=\"l-section wpb_row height_small\"><div class=\"l-section-h i-cf\"><div class=\"g-cols vc_row via_flex valign_top type_default stacking_default\"><div class=\"vc_col-sm-12 wpb_column vc_column_container\"><div class=\"vc_column-inner\"><div class=\"wpb_wrapper\"><div class=\"wpb_text_column\"><div class=\"wpb_wrapper\"><p>R\u0119cznie tkany \u0142a\u0144cuch &#8222;Fox-tail&#8221;, &#8222;splot bizantyjski&#8221;, w kolorze czerwonego z\u0142ota. Zapi\u0119cie to pude\u0142ko z pojedynczym fiaksatarem. Waga bi\u017cuterii jest w stosunku do d\u0142ugo\u015bci.<\/p>\n<\/div><\/div><\/div><\/div><\/div><\/div><\/div><\/section>\n","protected":false},"excerpt":{"rendered":"R\u0119cznie tkany \u0142a\u0144cuch &#8222;Fox-tail&#8221;, &#8222;splot bizantyjski&#8221;, w kolorze czerwonego z\u0142ota. Zapi\u0119cie to pude\u0142ko z pojedynczym fiaksatarem. Waga bi\u017cuterii jest w stosunku do d\u0142ugo\u015bci.","protected":false},"featured_media":49813,"template":"","meta":{"_acf_changed":false},"product_brand":[],"product_cat":[490,492,493,494],"product_tag":[],"class_list":{"0":"post-43494","1":"product","2":"type-product","3":"status-publish","4":"has-post-thumbnail","6":"product_cat-gold-chains","7":"product_cat-gold-chain-from-50-gr-pl","8":"product_cat-mens-chains-pl","9":"product_cat-womens-chains-pl","11":"first","12":"instock","13":"product-type-simple"},"acf":[],"_links":{"self":[{"href":"https:\/\/zl.jewelry\/pl\/wp-json\/wp\/v2\/product\/43494","targetHints":{"allow":["GET"]}}],"collection":[{"href":"https:\/\/zl.jewelry\/pl\/wp-json\/wp\/v2\/product"}],"about":[{"href":"https:\/\/zl.jewelry\/pl\/wp-json\/wp\/v2\/types\/product"}],"wp:featuredmedia":[{"embeddable":true,"href":"https:\/\/zl.jewelry\/pl\/wp-json\/wp\/v2\/media\/49813"}],"wp:attachment":[{"href":"https:\/\/zl.jewelry\/pl\/wp-json\/wp\/v2\/media?parent=43494"}],"wp:term":[{"taxonomy":"product_brand","embeddable":true,"href":"https:\/\/zl.jewelry\/pl\/wp-json\/wp\/v2\/product_brand?post=43494"},{"taxonomy":"product_cat","embeddable":true,"href":"https:\/\/zl.jewelry\/pl\/wp-json\/wp\/v2\/product_cat?post=43494"},{"taxonomy":"product_tag","embeddable":true,"href":"https:\/\/zl.jewelry\/pl\/wp-json\/wp\/v2\/product_tag?post=43494"}],"curies":[{"name":"wp","href":"https:\/\/api.w.org\/{rel}","templated":true}]}}