{"id":43486,"date":"2025-06-18T11:01:30","date_gmt":"2025-06-18T11:01:30","guid":{"rendered":"https:\/\/zl.jewelry\/product\/small-cross-with-prayer\/"},"modified":"2026-02-06T09:22:58","modified_gmt":"2026-02-06T09:22:58","slug":"small-cross-with-prayer","status":"publish","type":"product","link":"https:\/\/zl.jewelry\/pl\/product\/small-cross-with-prayer\/","title":{"rendered":"Ma\u0142y krzy\u017cyk z modlitw\u0105"},"content":{"rendered":"<p>Krzy\u017c z czerwonego z\u0142ota z bia\u0142ymi nak\u0142adkami, bez uszka i \u015bcianek bocznych, waga 14,30 g, wysoko\u015b\u0107 krzy\u017ca 40 mm. Na przedniej stronie podstawa z wzorami i pokryta emali\u0105, r\u00f3wnie\u017c na podstawie nak\u0142adki w formie kplcyfiksu oraz nak\u0142adki &#8222;INCI&#8221;, &#8222;IS&#8221;, &#8222;SX&#8221;, &#8222;NIKA&#8221;, kt\u00f3re r\u00f3wnie\u017c pokryte s\u0105 czarn\u0105 emali\u0105. Z ty\u0142u znajduje si\u0119 pe\u0142ny tekst modlitwy &#8222;Ojcze nasz&#8221;, podstawa jest r\u00f3wnie\u017c pokryta czarn\u0105 emali\u0105, a nak\u0142adki z bia\u0142ego z\u0142ota s\u0105 rodowane. Pomi\u0119dzy dwoma podstawami znajduj\u0105 si\u0119 nadpro\u017ca w kszta\u0142cie spirali.<\/p>\n","protected":false},"excerpt":{"rendered":"<p>Krzy\u017c z czerwonego z\u0142ota z bia\u0142ymi nak\u0142adkami, bez uszka i \u015bcianek bocznych, waga 14,30 g, wysoko\u015b\u0107 krzy\u017ca 40 mm. Na przedniej stronie podstawa z wzorami i pokryta emali\u0105, r\u00f3wnie\u017c na podstawie nak\u0142adki w formie kplcyfiksu oraz nak\u0142adki &#8222;INCI&#8221;, &#8222;IS&#8221;, &#8222;SX&#8221;, &#8222;NIKA&#8221;, kt\u00f3re r\u00f3wnie\u017c pokryte s\u0105 czarn\u0105 emali\u0105. Z ty\u0142u znajduje si\u0119 pe\u0142ny tekst modlitwy &#8222;Ojcze&#8230;<\/p>\n","protected":false},"featured_media":43487,"template":"","meta":{"_acf_changed":false},"product_brand":[],"product_cat":[504,507,510],"product_tag":[],"class_list":{"0":"post-43486","1":"product","2":"type-product","3":"status-publish","4":"has-post-thumbnail","6":"product_cat-golden-crosses-pl","7":"product_cat-exclusive-golden-handmade-crosses-pl","8":"product_cat-mens-crosses-pl","10":"first","11":"instock","12":"product-type-simple"},"acf":[],"_links":{"self":[{"href":"https:\/\/zl.jewelry\/pl\/wp-json\/wp\/v2\/product\/43486","targetHints":{"allow":["GET"]}}],"collection":[{"href":"https:\/\/zl.jewelry\/pl\/wp-json\/wp\/v2\/product"}],"about":[{"href":"https:\/\/zl.jewelry\/pl\/wp-json\/wp\/v2\/types\/product"}],"wp:featuredmedia":[{"embeddable":true,"href":"https:\/\/zl.jewelry\/pl\/wp-json\/wp\/v2\/media\/43487"}],"wp:attachment":[{"href":"https:\/\/zl.jewelry\/pl\/wp-json\/wp\/v2\/media?parent=43486"}],"wp:term":[{"taxonomy":"product_brand","embeddable":true,"href":"https:\/\/zl.jewelry\/pl\/wp-json\/wp\/v2\/product_brand?post=43486"},{"taxonomy":"product_cat","embeddable":true,"href":"https:\/\/zl.jewelry\/pl\/wp-json\/wp\/v2\/product_cat?post=43486"},{"taxonomy":"product_tag","embeddable":true,"href":"https:\/\/zl.jewelry\/pl\/wp-json\/wp\/v2\/product_tag?post=43486"}],"curies":[{"name":"wp","href":"https:\/\/api.w.org\/{rel}","templated":true}]}}