{"id":43480,"date":"2025-06-18T11:01:30","date_gmt":"2025-06-18T11:01:30","guid":{"rendered":"https:\/\/zl.jewelry\/product\/rope-guardian-angelin-white\/"},"modified":"2026-02-06T14:38:24","modified_gmt":"2026-02-06T14:38:24","slug":"rope-guardian-angelin-white","status":"publish","type":"product","link":"https:\/\/zl.jewelry\/pl\/product\/rope-guardian-angelin-white\/","title":{"rendered":"Sznur &#8222;Anio\u0142 Str\u00f3\u017c&#8221; w kolorze bia\u0142ym"},"content":{"rendered":"<section class=\"l-section wpb_row height_small\"><div class=\"l-section-h i-cf\"><div class=\"g-cols vc_row via_flex valign_top type_default stacking_default\"><div class=\"vc_col-sm-12 wpb_column vc_column_container\"><div class=\"vc_column-inner\"><div class=\"wpb_wrapper\"><div class=\"wpb_text_column\"><div class=\"wpb_wrapper\"><p>Sznur o \u015brednicy 4 mm, wykonany z bia\u0142ego z\u0142ota, o wadze 18,12 grama.<\/p>\n<\/div><\/div><\/div><\/div><\/div><\/div><\/div><\/section>\n","protected":false},"excerpt":{"rendered":"Sznur o \u015brednicy 4 mm, wykonany z bia\u0142ego z\u0142ota, o wadze 18,12 grama.","protected":false},"featured_media":43481,"template":"","meta":{"_acf_changed":false},"product_brand":[],"product_cat":[496,499],"product_tag":[],"class_list":{"0":"post-43480","1":"product","2":"type-product","3":"status-publish","4":"has-post-thumbnail","6":"product_cat-jewelry-laces-pl","7":"product_cat-nylon-mens-pl","9":"first","10":"instock","11":"product-type-simple"},"acf":[],"_links":{"self":[{"href":"https:\/\/zl.jewelry\/pl\/wp-json\/wp\/v2\/product\/43480","targetHints":{"allow":["GET"]}}],"collection":[{"href":"https:\/\/zl.jewelry\/pl\/wp-json\/wp\/v2\/product"}],"about":[{"href":"https:\/\/zl.jewelry\/pl\/wp-json\/wp\/v2\/types\/product"}],"wp:featuredmedia":[{"embeddable":true,"href":"https:\/\/zl.jewelry\/pl\/wp-json\/wp\/v2\/media\/43481"}],"wp:attachment":[{"href":"https:\/\/zl.jewelry\/pl\/wp-json\/wp\/v2\/media?parent=43480"}],"wp:term":[{"taxonomy":"product_brand","embeddable":true,"href":"https:\/\/zl.jewelry\/pl\/wp-json\/wp\/v2\/product_brand?post=43480"},{"taxonomy":"product_cat","embeddable":true,"href":"https:\/\/zl.jewelry\/pl\/wp-json\/wp\/v2\/product_cat?post=43480"},{"taxonomy":"product_tag","embeddable":true,"href":"https:\/\/zl.jewelry\/pl\/wp-json\/wp\/v2\/product_tag?post=43480"}],"curies":[{"name":"wp","href":"https:\/\/api.w.org\/{rel}","templated":true}]}}