{"id":43465,"date":"2025-06-18T11:01:30","date_gmt":"2025-06-18T11:01:30","guid":{"rendered":"https:\/\/zl.jewelry\/product\/ring-vyshyvanka-with-enamel\/"},"modified":"2026-02-05T16:20:48","modified_gmt":"2026-02-05T16:20:48","slug":"ring-vyshyvanka-with-enamel","status":"publish","type":"product","link":"https:\/\/zl.jewelry\/pl\/product\/ring-vyshyvanka-with-enamel\/","title":{"rendered":"Pier\u015bcionek &#8222;Wyszywanka&#8221; z emali\u0105"},"content":{"rendered":"<section class=\"l-section wpb_row height_small\"><div class=\"l-section-h i-cf\"><div class=\"g-cols vc_row via_flex valign_top type_default stacking_default\"><div class=\"vc_col-sm-12 wpb_column vc_column_container\"><div class=\"vc_column-inner\"><div class=\"wpb_wrapper\"><div class=\"wpb_text_column\"><div class=\"wpb_wrapper\"><p><span style=\"font-family: georgia,serif;\"><span style=\"background-color: #ffffff; color: #1d2129; font-size: 14px;\">Bi\u017cuteria ta jest tworzona przy u\u017cyciu jednej z tradycyjnych technologii artystycznego przetwarzania produkt\u00f3w \u2014 emaliowanie.\u00a0<\/span><\/span><\/p>\n<p><span style=\"font-family: georgia,serif;\"><span style=\"background-color: #ffffff; color: #1d2129; font-size: 14px;\">Zdobienie emali\u0105 to nie tylko kreatywny, ale i czasoch\u0142onny proces. Artystyczna pow\u0142oka mo\u017ce by\u0107 podstaw\u0105 pier\u015bcionka lub stanowi\u0107 specjalny akcent. Dzi\u0119ki szerokiej gamie odcieni, pow\u0142oka emaliowana mo\u017ce by\u0107 \u0142\u0105czona ze szlachetnymi i p\u00f3\u0142szlachetnymi inkplstacjami, <\/span><span style=\"background-color: #ffffff; color: #1d2129; font-size: 14px;\">kolory osobiste, w tym diamenty.<\/span><\/span><\/p>\n<p>Mnogo\u015b\u0107 wzor\u00f3w pozwala znale\u017a\u0107 w\u015br\u00f3d r\u00f3\u017cnorodnej bi\u017cuterii dok\u0142adnie t\u0119, kt\u00f3ra odzwierciedla Twoj\u0105 indywidualno\u015b\u0107.<\/p>\n<\/div><\/div><\/div><\/div><\/div><\/div><\/div><\/section>\n","protected":false},"excerpt":{"rendered":"Bi\u017cuteria ta jest tworzona przy u\u017cyciu jednej z tradycyjnych technologii artystycznego przetwarzania produkt\u00f3w \u2014 emaliowanie.\u00a0 Zdobienie emali\u0105 to nie tylko kreatywny, ale i czasoch\u0142onny proces. Artystyczna pow\u0142oka mo\u017ce by\u0107 podstaw\u0105 pier\u015bcionka lub stanowi\u0107 specjalny akcent. Dzi\u0119ki szerokiej gamie odcieni, pow\u0142oka emaliowana mo\u017ce by\u0107 \u0142\u0105czona ze szlachetnymi i p\u00f3\u0142szlachetnymi inkplstacjami, kolory osobiste, w tym diamenty. Mnogo\u015b\u0107...","protected":false},"featured_media":43469,"template":"","meta":{"_acf_changed":false},"product_brand":[],"product_cat":[528,532,531],"product_tag":[],"class_list":{"0":"post-43465","1":"product","2":"type-product","3":"status-publish","4":"has-post-thumbnail","6":"product_cat-wedding-rings-pl","7":"product_cat-lemon-gold-wedding-rings-pl","8":"product_cat-elite-wedding-rings-pl","10":"first","11":"instock","12":"product-type-simple"},"acf":[],"_links":{"self":[{"href":"https:\/\/zl.jewelry\/pl\/wp-json\/wp\/v2\/product\/43465","targetHints":{"allow":["GET"]}}],"collection":[{"href":"https:\/\/zl.jewelry\/pl\/wp-json\/wp\/v2\/product"}],"about":[{"href":"https:\/\/zl.jewelry\/pl\/wp-json\/wp\/v2\/types\/product"}],"wp:featuredmedia":[{"embeddable":true,"href":"https:\/\/zl.jewelry\/pl\/wp-json\/wp\/v2\/media\/43469"}],"wp:attachment":[{"href":"https:\/\/zl.jewelry\/pl\/wp-json\/wp\/v2\/media?parent=43465"}],"wp:term":[{"taxonomy":"product_brand","embeddable":true,"href":"https:\/\/zl.jewelry\/pl\/wp-json\/wp\/v2\/product_brand?post=43465"},{"taxonomy":"product_cat","embeddable":true,"href":"https:\/\/zl.jewelry\/pl\/wp-json\/wp\/v2\/product_cat?post=43465"},{"taxonomy":"product_tag","embeddable":true,"href":"https:\/\/zl.jewelry\/pl\/wp-json\/wp\/v2\/product_tag?post=43465"}],"curies":[{"name":"wp","href":"https:\/\/api.w.org\/{rel}","templated":true}]}}