{"id":43443,"date":"2025-06-18T11:01:36","date_gmt":"2025-06-18T11:01:36","guid":{"rendered":"https:\/\/zl.jewelry\/product\/piercing-tenderness-in-white-gold\/"},"modified":"2026-02-05T14:24:42","modified_gmt":"2026-02-05T14:24:42","slug":"piercing-tenderness-in-white-gold","status":"publish","type":"product","link":"https:\/\/zl.jewelry\/pl\/product\/piercing-tenderness-in-white-gold\/","title":{"rendered":"Piercing &#8222;Czu\u0142o\u015b\u0107&#8221;"},"content":{"rendered":"","protected":false},"excerpt":{"rendered":"","protected":false},"featured_media":43444,"template":"","meta":{"_acf_changed":false},"product_brand":[],"product_cat":[576],"product_tag":[],"class_list":{"0":"post-43443","1":"product","2":"type-product","3":"status-publish","4":"has-post-thumbnail","6":"product_cat-other-pl","8":"first","9":"instock","10":"product-type-simple"},"acf":[],"_links":{"self":[{"href":"https:\/\/zl.jewelry\/pl\/wp-json\/wp\/v2\/product\/43443","targetHints":{"allow":["GET"]}}],"collection":[{"href":"https:\/\/zl.jewelry\/pl\/wp-json\/wp\/v2\/product"}],"about":[{"href":"https:\/\/zl.jewelry\/pl\/wp-json\/wp\/v2\/types\/product"}],"wp:featuredmedia":[{"embeddable":true,"href":"https:\/\/zl.jewelry\/pl\/wp-json\/wp\/v2\/media\/43444"}],"wp:attachment":[{"href":"https:\/\/zl.jewelry\/pl\/wp-json\/wp\/v2\/media?parent=43443"}],"wp:term":[{"taxonomy":"product_brand","embeddable":true,"href":"https:\/\/zl.jewelry\/pl\/wp-json\/wp\/v2\/product_brand?post=43443"},{"taxonomy":"product_cat","embeddable":true,"href":"https:\/\/zl.jewelry\/pl\/wp-json\/wp\/v2\/product_cat?post=43443"},{"taxonomy":"product_tag","embeddable":true,"href":"https:\/\/zl.jewelry\/pl\/wp-json\/wp\/v2\/product_tag?post=43443"}],"curies":[{"name":"wp","href":"https:\/\/api.w.org\/{rel}","templated":true}]}}