{"id":43435,"date":"2025-06-18T11:01:36","date_gmt":"2025-06-18T11:01:36","guid":{"rendered":"https:\/\/zl.jewelry\/product\/libra-chain\/"},"modified":"2026-02-05T13:52:58","modified_gmt":"2026-02-05T13:52:58","slug":"libra-chain","status":"publish","type":"product","link":"https:\/\/zl.jewelry\/pl\/product\/libra-chain\/","title":{"rendered":"\u0141a\u0144cuszek &#8222;Libra&#8221;"},"content":{"rendered":"<section class=\"l-section wpb_row height_small\"><div class=\"l-section-h i-cf\"><div class=\"g-cols vc_row via_flex valign_top type_default stacking_default\"><div class=\"vc_col-sm-12 wpb_column vc_column_container\"><div class=\"vc_column-inner\"><div class=\"wpb_wrapper\"><div class=\"wpb_text_column\"><div class=\"wpb_wrapper\"><p>\u0141a\u0144cuszek z czerwonego z\u0142ota pr\u00f3by 585*, wa\u017c\u0105cy 119 gram\u00f3w, o d\u0142ugo\u015bci 65 cm. Wstawki z modlitwami &#8222;Chro\u0144 mnie&#8221;, &#8222;Ojcze nasz&#8221;, &#8222;Modlitwa Tadeusza&#8221;, wszystkie modlitwy w j\u0119zyku ukrai\u0144skim, znak zodiaku Waga, na ma\u0142ych wstawkach inicja\u0142y, w j\u0119zyku ukrai\u0144skim yahyka. Wstawki z inicja\u0142ami z bia\u0142ego z\u0142ota, grawerowane. Na wstawkach \u0142a\u0144cuszka umieszczona czarna emalia. Kamienie czarne fianity, \u015brednica 3mm.<\/p>\n<\/div><\/div><\/div><\/div><\/div><\/div><\/div><\/section>\n","protected":false},"excerpt":{"rendered":"\u0141a\u0144cuszek z czerwonego z\u0142ota pr\u00f3by 585*, wa\u017c\u0105cy 119 gram\u00f3w, o d\u0142ugo\u015bci 65 cm. Wstawki z modlitwami &#8222;Chro\u0144 mnie&#8221;, &#8222;Ojcze nasz&#8221;, &#8222;Modlitwa Tadeusza&#8221;, wszystkie modlitwy w j\u0119zyku ukrai\u0144skim, znak zodiaku Waga, na ma\u0142ych wstawkach inicja\u0142y, w j\u0119zyku ukrai\u0144skim yahyka. Wstawki z inicja\u0142ami z bia\u0142ego z\u0142ota, grawerowane. Na wstawkach \u0142a\u0144cuszka umieszczona czarna emalia. Kamienie czarne fianity, \u015brednica...","protected":false},"featured_media":49793,"template":"","meta":{"_acf_changed":false},"product_brand":[],"product_cat":[490,492,493],"product_tag":[],"class_list":{"0":"post-43435","1":"product","2":"type-product","3":"status-publish","4":"has-post-thumbnail","6":"product_cat-gold-chains","7":"product_cat-gold-chain-from-50-gr-pl","8":"product_cat-mens-chains-pl","10":"first","11":"instock","12":"product-type-simple"},"acf":[],"_links":{"self":[{"href":"https:\/\/zl.jewelry\/pl\/wp-json\/wp\/v2\/product\/43435","targetHints":{"allow":["GET"]}}],"collection":[{"href":"https:\/\/zl.jewelry\/pl\/wp-json\/wp\/v2\/product"}],"about":[{"href":"https:\/\/zl.jewelry\/pl\/wp-json\/wp\/v2\/types\/product"}],"wp:featuredmedia":[{"embeddable":true,"href":"https:\/\/zl.jewelry\/pl\/wp-json\/wp\/v2\/media\/49793"}],"wp:attachment":[{"href":"https:\/\/zl.jewelry\/pl\/wp-json\/wp\/v2\/media?parent=43435"}],"wp:term":[{"taxonomy":"product_brand","embeddable":true,"href":"https:\/\/zl.jewelry\/pl\/wp-json\/wp\/v2\/product_brand?post=43435"},{"taxonomy":"product_cat","embeddable":true,"href":"https:\/\/zl.jewelry\/pl\/wp-json\/wp\/v2\/product_cat?post=43435"},{"taxonomy":"product_tag","embeddable":true,"href":"https:\/\/zl.jewelry\/pl\/wp-json\/wp\/v2\/product_tag?post=43435"}],"curies":[{"name":"wp","href":"https:\/\/api.w.org\/{rel}","templated":true}]}}