{"id":43433,"date":"2025-06-18T11:01:36","date_gmt":"2025-06-18T11:01:36","guid":{"rendered":"https:\/\/zl.jewelry\/product\/nose-piercing-scheherazade\/"},"modified":"2026-02-05T13:47:41","modified_gmt":"2026-02-05T13:47:41","slug":"nose-piercing-scheherazade","status":"publish","type":"product","link":"https:\/\/zl.jewelry\/pl\/product\/nose-piercing-scheherazade\/","title":{"rendered":"Piercing do nosa &#8222;Szaherezada&#8221;"},"content":{"rendered":"<section class=\"l-section wpb_row height_small\"><div class=\"l-section-h i-cf\"><div class=\"g-cols vc_row via_flex valign_top type_default stacking_default\"><div class=\"vc_col-sm-12 wpb_column vc_column_container\"><div class=\"vc_column-inner\"><div class=\"wpb_wrapper\"><div class=\"wpb_text_column\"><div class=\"wpb_wrapper\"><p><span style=\"background-color: #ffffff; color: #1d2129; font-family: segoe ui historic,segoe ui,helvetica,arial,sans-serif; font-size: 14px;\">Ka\u017cda osoba znajduje sw\u00f3j w\u0142asny spos\u00f3b, aby wyr\u00f3\u017cni\u0107 si\u0119 z t\u0142umu, stworzy\u0107 indywidualny styl. Dzi\u015b jest to mo\u017cliwe bez przekraczania granic przyzwoito\u015bci, a nawet w pe\u0142nej zgodno\u015bci z trendami mody. Jak? Sekret jest prosty: wystarczy wykona\u0107 przek\u0142ucie nosa, wybieraj\u0105c jako ozdob\u0119 jeden z eleganckich kolczyk\u00f3w. Ostatnie badania wykaza\u0142y, \u017ce m\u0119\u017cczy\u017ani uwa\u017caj\u0105 kolczyki w nosie za bardzo seksowne i atrakcyjne.<\/span><\/p>\n<p><span style=\"background-color: #ffffff; color: #1d2129; font-family: segoe ui historic,segoe ui,helvetica,arial,sans-serif; font-size: 14px;\">Ich zdaniem ten szczeg\u00f3\u0142 nadaje ca\u0142emu wygl\u0105dowi kobiety pewnej pikanterii. Tpldno polemizowa\u0107 z tym stwierdzeniem, patrz\u0105c na gam\u0119 wspania\u0142ych produkt\u00f3w.<\/span><\/p>\n<\/div><\/div><\/div><\/div><\/div><\/div><\/div><\/section>\n","protected":false},"excerpt":{"rendered":"Ka\u017cda osoba znajduje sw\u00f3j w\u0142asny spos\u00f3b, aby wyr\u00f3\u017cni\u0107 si\u0119 z t\u0142umu, stworzy\u0107 indywidualny styl. Dzi\u015b jest to mo\u017cliwe bez przekraczania granic przyzwoito\u015bci, a nawet w pe\u0142nej zgodno\u015bci z trendami mody. Jak? Sekret jest prosty: wystarczy wykona\u0107 przek\u0142ucie nosa, wybieraj\u0105c jako ozdob\u0119 jeden z eleganckich kolczyk\u00f3w. Ostatnie badania wykaza\u0142y, \u017ce m\u0119\u017cczy\u017ani uwa\u017caj\u0105 kolczyki w nosie za...","protected":false},"featured_media":43434,"template":"","meta":{"_acf_changed":false},"product_brand":[],"product_cat":[576],"product_tag":[],"class_list":{"0":"post-43433","1":"product","2":"type-product","3":"status-publish","4":"has-post-thumbnail","6":"product_cat-other-pl","8":"first","9":"instock","10":"product-type-simple"},"acf":[],"_links":{"self":[{"href":"https:\/\/zl.jewelry\/pl\/wp-json\/wp\/v2\/product\/43433","targetHints":{"allow":["GET"]}}],"collection":[{"href":"https:\/\/zl.jewelry\/pl\/wp-json\/wp\/v2\/product"}],"about":[{"href":"https:\/\/zl.jewelry\/pl\/wp-json\/wp\/v2\/types\/product"}],"wp:featuredmedia":[{"embeddable":true,"href":"https:\/\/zl.jewelry\/pl\/wp-json\/wp\/v2\/media\/43434"}],"wp:attachment":[{"href":"https:\/\/zl.jewelry\/pl\/wp-json\/wp\/v2\/media?parent=43433"}],"wp:term":[{"taxonomy":"product_brand","embeddable":true,"href":"https:\/\/zl.jewelry\/pl\/wp-json\/wp\/v2\/product_brand?post=43433"},{"taxonomy":"product_cat","embeddable":true,"href":"https:\/\/zl.jewelry\/pl\/wp-json\/wp\/v2\/product_cat?post=43433"},{"taxonomy":"product_tag","embeddable":true,"href":"https:\/\/zl.jewelry\/pl\/wp-json\/wp\/v2\/product_tag?post=43433"}],"curies":[{"name":"wp","href":"https:\/\/api.w.org\/{rel}","templated":true}]}}