{"id":43429,"date":"2025-06-18T11:01:36","date_gmt":"2025-06-18T11:01:36","guid":{"rendered":"https:\/\/zl.jewelry\/product\/cross-solar-gift\/"},"modified":"2026-02-05T13:42:05","modified_gmt":"2026-02-05T13:42:05","slug":"cross-solar-gift","status":"publish","type":"product","link":"https:\/\/zl.jewelry\/pl\/product\/cross-solar-gift\/","title":{"rendered":"Krzy\u017c &#8222;S\u0142oneczny prezent&#8221;"},"content":{"rendered":"<p>Krzy\u017c z cytrynowego z\u0142ota, kplcyfiks z bia\u0142ego z\u0142ota nukleowanego, pr\u00f3ba z\u0142ota 585*.\u00a0 Nad Jezusem inri, na uchu symbol.\u00a0 Na rewersie modlitwa:<\/p>\n<p>&#8222;Gloria Patri, et Filio, et Spir\u00edtui Sancto,<br \/>\nsicut erat in princ\u00edpio et nunc et semper<br \/>\net in sa\u00e9cula saecul\u00f3plm. Amen.&#8221;<\/p>\n<p>Krzy\u017c pokryty jest emali\u0105. Wysoko\u015b\u0107 krzy\u017cyka bez uszka wynosi 40 mm. Waga 25,12 grama<\/p>\n<p>&nbsp;<\/p>\n","protected":false},"excerpt":{"rendered":"<p>Krzy\u017c z cytrynowego z\u0142ota, kplcyfiks z bia\u0142ego z\u0142ota nukleowanego, pr\u00f3ba z\u0142ota 585*.\u00a0 Nad Jezusem inri, na uchu symbol.\u00a0 Na rewersie modlitwa: &#8222;Gloria Patri, et Filio, et Spir\u00edtui Sancto, sicut erat in princ\u00edpio et nunc et semper et in sa\u00e9cula saecul\u00f3plm. Amen.&#8221; Krzy\u017c pokryty jest emali\u0105. Wysoko\u015b\u0107 krzy\u017cyka bez uszka wynosi 40 mm. Waga 25,12 grama&#8230;<\/p>\n","protected":false},"featured_media":43432,"template":"","meta":{"_acf_changed":false},"product_brand":[],"product_cat":[504,507,510],"product_tag":[],"class_list":{"0":"post-43429","1":"product","2":"type-product","3":"status-publish","4":"has-post-thumbnail","6":"product_cat-golden-crosses-pl","7":"product_cat-exclusive-golden-handmade-crosses-pl","8":"product_cat-mens-crosses-pl","10":"first","11":"instock","12":"product-type-simple"},"acf":[],"_links":{"self":[{"href":"https:\/\/zl.jewelry\/pl\/wp-json\/wp\/v2\/product\/43429","targetHints":{"allow":["GET"]}}],"collection":[{"href":"https:\/\/zl.jewelry\/pl\/wp-json\/wp\/v2\/product"}],"about":[{"href":"https:\/\/zl.jewelry\/pl\/wp-json\/wp\/v2\/types\/product"}],"wp:featuredmedia":[{"embeddable":true,"href":"https:\/\/zl.jewelry\/pl\/wp-json\/wp\/v2\/media\/43432"}],"wp:attachment":[{"href":"https:\/\/zl.jewelry\/pl\/wp-json\/wp\/v2\/media?parent=43429"}],"wp:term":[{"taxonomy":"product_brand","embeddable":true,"href":"https:\/\/zl.jewelry\/pl\/wp-json\/wp\/v2\/product_brand?post=43429"},{"taxonomy":"product_cat","embeddable":true,"href":"https:\/\/zl.jewelry\/pl\/wp-json\/wp\/v2\/product_cat?post=43429"},{"taxonomy":"product_tag","embeddable":true,"href":"https:\/\/zl.jewelry\/pl\/wp-json\/wp\/v2\/product_tag?post=43429"}],"curies":[{"name":"wp","href":"https:\/\/api.w.org\/{rel}","templated":true}]}}