{"id":43421,"date":"2025-06-18T11:01:36","date_gmt":"2025-06-18T11:01:36","guid":{"rendered":"https:\/\/zl.jewelry\/product\/spoon-grab-to-attract-money\/"},"modified":"2026-02-05T13:13:38","modified_gmt":"2026-02-05T13:13:38","slug":"spoon-grab-to-attract-money","status":"publish","type":"product","link":"https:\/\/zl.jewelry\/pl\/product\/spoon-grab-to-attract-money\/","title":{"rendered":"\u0141y\u017cka do przyci\u0105gania pieni\u0119dzy"},"content":{"rendered":"<p><span style=\"background-color: #ffffff; color: #1d2129; font-family: segoe ui historic,segoe ui,helvetica,arial,sans-serif; font-size: 14px;\">\u00ab\u0141opata pieni\u0119dzy\u00bb &#8211; najlepszy talizman przyci\u0105gaj\u0105cy pieni\u0105dze i szcz\u0119\u015bcie w biznesie do jego w\u0142a\u015bciciela. Towarzyszy wzrostowi bogactwa, przyci\u0105ga szcz\u0119\u015bcie w biznesie i pracy, chroni przed ryzykiem finansowym. Mo\u017cna go nosi\u0107 w torebce lub w domu &#8211; umie\u015bci\u0107 w skarbonce..\u00bbMoney shovel\u00bb b\u0119dzie wspania\u0142ym pami\u0105tkowym prezentem dla przyjaci\u00f3\u0142, koleg\u00f3w z pracy i po prostu bliskich os\u00f3b.<\/span><\/p>\n","protected":false},"excerpt":{"rendered":"<p>\u00ab\u0141opata pieni\u0119dzy\u00bb &#8211; najlepszy talizman przyci\u0105gaj\u0105cy pieni\u0105dze i szcz\u0119\u015bcie w biznesie do jego w\u0142a\u015bciciela. Towarzyszy wzrostowi bogactwa, przyci\u0105ga szcz\u0119\u015bcie w biznesie i pracy, chroni przed ryzykiem finansowym. Mo\u017cna go nosi\u0107 w torebce lub w domu &#8211; umie\u015bci\u0107 w skarbonce..\u00bbMoney shovel\u00bb b\u0119dzie wspania\u0142ym pami\u0105tkowym prezentem dla przyjaci\u00f3\u0142, koleg\u00f3w z pracy i po prostu bliskich os\u00f3b.<\/p>\n","protected":false},"featured_media":43422,"template":"","meta":{"_acf_changed":false},"product_brand":[],"product_cat":[576],"product_tag":[],"class_list":{"0":"post-43421","1":"product","2":"type-product","3":"status-publish","4":"has-post-thumbnail","6":"product_cat-other-pl","8":"first","9":"instock","10":"product-type-simple"},"acf":[],"_links":{"self":[{"href":"https:\/\/zl.jewelry\/pl\/wp-json\/wp\/v2\/product\/43421","targetHints":{"allow":["GET"]}}],"collection":[{"href":"https:\/\/zl.jewelry\/pl\/wp-json\/wp\/v2\/product"}],"about":[{"href":"https:\/\/zl.jewelry\/pl\/wp-json\/wp\/v2\/types\/product"}],"wp:featuredmedia":[{"embeddable":true,"href":"https:\/\/zl.jewelry\/pl\/wp-json\/wp\/v2\/media\/43422"}],"wp:attachment":[{"href":"https:\/\/zl.jewelry\/pl\/wp-json\/wp\/v2\/media?parent=43421"}],"wp:term":[{"taxonomy":"product_brand","embeddable":true,"href":"https:\/\/zl.jewelry\/pl\/wp-json\/wp\/v2\/product_brand?post=43421"},{"taxonomy":"product_cat","embeddable":true,"href":"https:\/\/zl.jewelry\/pl\/wp-json\/wp\/v2\/product_cat?post=43421"},{"taxonomy":"product_tag","embeddable":true,"href":"https:\/\/zl.jewelry\/pl\/wp-json\/wp\/v2\/product_tag?post=43421"}],"curies":[{"name":"wp","href":"https:\/\/api.w.org\/{rel}","templated":true}]}}