{"id":43417,"date":"2025-06-18T11:01:36","date_gmt":"2025-06-18T11:01:36","guid":{"rendered":"https:\/\/zl.jewelry\/product\/rope-with-faces-of-saints-in-lemon-gold\/"},"modified":"2026-02-05T12:41:57","modified_gmt":"2026-02-05T12:41:57","slug":"rope-with-faces-of-saints-in-lemon-gold","status":"publish","type":"product","link":"https:\/\/zl.jewelry\/pl\/product\/rope-with-faces-of-saints-in-lemon-gold\/","title":{"rendered":"Sznur z twarzami \u015bwi\u0119tych w kolorze cytrynowego z\u0142ota"},"content":{"rendered":"<p>Sznur w kolorze cytrynowego z\u0142ota pr\u00f3by 585*. \u015arednica liny 6mm. Wstawki z twarzami \u015bwi\u0119tych i anio\u0142\u00f3w, na \u0142a\u0144cuszku \u0142\u0105cz\u0105cym wz\u00f3r, na zapi\u0119ciu napis &#8222;Or lord God protect me&#8221; na bocznych wstawkach. Waga 48,56 gram\u00f3w.<\/p>\n","protected":false},"excerpt":{"rendered":"<p>Sznur w kolorze cytrynowego z\u0142ota pr\u00f3by 585*. \u015arednica liny 6mm. Wstawki z twarzami \u015bwi\u0119tych i anio\u0142\u00f3w, na \u0142a\u0144cuszku \u0142\u0105cz\u0105cym wz\u00f3r, na zapi\u0119ciu napis &#8222;Or lord God protect me&#8221; na bocznych wstawkach. Waga 48,56 gram\u00f3w.<\/p>\n","protected":false},"featured_media":43418,"template":"","meta":{"_acf_changed":false},"product_brand":[],"product_cat":[499,496],"product_tag":[],"class_list":{"0":"post-43417","1":"product","2":"type-product","3":"status-publish","4":"has-post-thumbnail","6":"product_cat-nylon-mens-pl","7":"product_cat-jewelry-laces-pl","9":"first","10":"instock","11":"product-type-simple"},"acf":[],"_links":{"self":[{"href":"https:\/\/zl.jewelry\/pl\/wp-json\/wp\/v2\/product\/43417","targetHints":{"allow":["GET"]}}],"collection":[{"href":"https:\/\/zl.jewelry\/pl\/wp-json\/wp\/v2\/product"}],"about":[{"href":"https:\/\/zl.jewelry\/pl\/wp-json\/wp\/v2\/types\/product"}],"wp:featuredmedia":[{"embeddable":true,"href":"https:\/\/zl.jewelry\/pl\/wp-json\/wp\/v2\/media\/43418"}],"wp:attachment":[{"href":"https:\/\/zl.jewelry\/pl\/wp-json\/wp\/v2\/media?parent=43417"}],"wp:term":[{"taxonomy":"product_brand","embeddable":true,"href":"https:\/\/zl.jewelry\/pl\/wp-json\/wp\/v2\/product_brand?post=43417"},{"taxonomy":"product_cat","embeddable":true,"href":"https:\/\/zl.jewelry\/pl\/wp-json\/wp\/v2\/product_cat?post=43417"},{"taxonomy":"product_tag","embeddable":true,"href":"https:\/\/zl.jewelry\/pl\/wp-json\/wp\/v2\/product_tag?post=43417"}],"curies":[{"name":"wp","href":"https:\/\/api.w.org\/{rel}","templated":true}]}}