{"id":43403,"date":"2025-06-18T11:01:41","date_gmt":"2025-06-18T11:01:41","guid":{"rendered":"https:\/\/zl.jewelry\/product\/white-gold-cross\/"},"modified":"2026-02-05T11:34:04","modified_gmt":"2026-02-05T11:34:04","slug":"white-gold-cross","status":"publish","type":"product","link":"https:\/\/zl.jewelry\/pl\/product\/white-gold-cross\/","title":{"rendered":"Krzy\u017c z bia\u0142ego z\u0142ota"},"content":{"rendered":"","protected":false},"excerpt":{"rendered":"","protected":false},"featured_media":43404,"template":"","meta":{"_acf_changed":false},"product_brand":[],"product_cat":[504,509,510],"product_tag":[],"class_list":{"0":"post-43403","1":"product","2":"type-product","3":"status-publish","4":"has-post-thumbnail","6":"product_cat-golden-crosses-pl","7":"product_cat-made-of-white-gold-pl","8":"product_cat-mens-crosses-pl","10":"first","11":"instock","12":"product-type-simple"},"acf":[],"_links":{"self":[{"href":"https:\/\/zl.jewelry\/pl\/wp-json\/wp\/v2\/product\/43403","targetHints":{"allow":["GET"]}}],"collection":[{"href":"https:\/\/zl.jewelry\/pl\/wp-json\/wp\/v2\/product"}],"about":[{"href":"https:\/\/zl.jewelry\/pl\/wp-json\/wp\/v2\/types\/product"}],"wp:featuredmedia":[{"embeddable":true,"href":"https:\/\/zl.jewelry\/pl\/wp-json\/wp\/v2\/media\/43404"}],"wp:attachment":[{"href":"https:\/\/zl.jewelry\/pl\/wp-json\/wp\/v2\/media?parent=43403"}],"wp:term":[{"taxonomy":"product_brand","embeddable":true,"href":"https:\/\/zl.jewelry\/pl\/wp-json\/wp\/v2\/product_brand?post=43403"},{"taxonomy":"product_cat","embeddable":true,"href":"https:\/\/zl.jewelry\/pl\/wp-json\/wp\/v2\/product_cat?post=43403"},{"taxonomy":"product_tag","embeddable":true,"href":"https:\/\/zl.jewelry\/pl\/wp-json\/wp\/v2\/product_tag?post=43403"}],"curies":[{"name":"wp","href":"https:\/\/api.w.org\/{rel}","templated":true}]}}