{"id":43393,"date":"2025-06-18T11:01:41","date_gmt":"2025-06-18T11:01:41","guid":{"rendered":"https:\/\/zl.jewelry\/product\/pendant-trident-2\/"},"modified":"2026-02-05T08:55:49","modified_gmt":"2026-02-05T08:55:49","slug":"pendant-trident-2","status":"publish","type":"product","link":"https:\/\/zl.jewelry\/pl\/product\/pendant-trident-2\/","title":{"rendered":"Wisiorek &#8222;Tryzub&#8221;"},"content":{"rendered":"<section class=\"l-section wpb_row height_small\"><div class=\"l-section-h i-cf\"><div class=\"g-cols vc_row via_flex valign_top type_default stacking_default\"><div class=\"vc_col-sm-12 wpb_column vc_column_container\"><div class=\"vc_column-inner\"><div class=\"wpb_wrapper\"><div class=\"wpb_text_column\"><div class=\"wpb_wrapper\"><p>Wisiorek z czerwonego z\u0142ota, wysoko\u015b\u0107 bez uszka 15mm, waga 1,35. Kamienie, \u015brednica 1,25 mm, mo\u017cliwo\u015b\u0107 osadzenia dowolnych kamieni, zgodnie z \u017cyczeniem klienta.<\/p>\n<\/div><\/div><\/div><\/div><\/div><\/div><\/div><\/section>\n","protected":false},"excerpt":{"rendered":"Wisiorek z czerwonego z\u0142ota, wysoko\u015b\u0107 bez uszka 15mm, waga 1,35. Kamienie, \u015brednica 1,25 mm, mo\u017cliwo\u015b\u0107 osadzenia dowolnych kamieni, zgodnie z \u017cyczeniem klienta.","protected":false},"featured_media":43394,"template":"","meta":{"_acf_changed":false},"product_brand":[],"product_cat":[563,566,567,570],"product_tag":[],"class_list":{"0":"post-43393","1":"product","2":"type-product","3":"status-publish","4":"has-post-thumbnail","6":"product_cat-gold-pendants-pl","7":"product_cat-with-cubic-zirconia-2-pl","8":"product_cat-with-diamonds-2-pl","9":"product_cat-with-rocks-2-pl","11":"first","12":"instock","13":"product-type-simple"},"acf":[],"_links":{"self":[{"href":"https:\/\/zl.jewelry\/pl\/wp-json\/wp\/v2\/product\/43393","targetHints":{"allow":["GET"]}}],"collection":[{"href":"https:\/\/zl.jewelry\/pl\/wp-json\/wp\/v2\/product"}],"about":[{"href":"https:\/\/zl.jewelry\/pl\/wp-json\/wp\/v2\/types\/product"}],"wp:featuredmedia":[{"embeddable":true,"href":"https:\/\/zl.jewelry\/pl\/wp-json\/wp\/v2\/media\/43394"}],"wp:attachment":[{"href":"https:\/\/zl.jewelry\/pl\/wp-json\/wp\/v2\/media?parent=43393"}],"wp:term":[{"taxonomy":"product_brand","embeddable":true,"href":"https:\/\/zl.jewelry\/pl\/wp-json\/wp\/v2\/product_brand?post=43393"},{"taxonomy":"product_cat","embeddable":true,"href":"https:\/\/zl.jewelry\/pl\/wp-json\/wp\/v2\/product_cat?post=43393"},{"taxonomy":"product_tag","embeddable":true,"href":"https:\/\/zl.jewelry\/pl\/wp-json\/wp\/v2\/product_tag?post=43393"}],"curies":[{"name":"wp","href":"https:\/\/api.w.org\/{rel}","templated":true}]}}