{"id":43389,"date":"2025-06-18T11:01:41","date_gmt":"2025-06-18T11:01:41","guid":{"rendered":"https:\/\/zl.jewelry\/product\/engagement-ring-colors-of-love\/"},"modified":"2026-02-05T08:40:52","modified_gmt":"2026-02-05T08:40:52","slug":"engagement-ring-colors-of-love","status":"publish","type":"product","link":"https:\/\/zl.jewelry\/pl\/product\/engagement-ring-colors-of-love\/","title":{"rendered":"Pier\u015bcionek zar\u0119czynowy &#8222;Kolory mi\u0142o\u015bci&#8221;"},"content":{"rendered":"<p>Pier\u015bcionek z \u017c\u00f3\u0142tego z\u0142ota pr\u00f3by 585*, waga 2,28 grama przy rozmiarze 16,5. Kamienie brylanty o masie 0,40ct, w ilo\u015bci 5 sztuk, \u015brednica 1mm; centralny kamie\u0144 o szlifie &#8222;Princess&#8221; o masie 0,16ct, rozmiar 3,3&#215;3,3mm.<\/p>\n","protected":false},"excerpt":{"rendered":"<p>Pier\u015bcionek z \u017c\u00f3\u0142tego z\u0142ota pr\u00f3by 585*, waga 2,28 grama przy rozmiarze 16,5. Kamienie brylanty o masie 0,40ct, w ilo\u015bci 5 sztuk, \u015brednica 1mm; centralny kamie\u0144 o szlifie &#8222;Princess&#8221; o masie 0,16ct, rozmiar 3,3&#215;3,3mm.<\/p>\n","protected":false},"featured_media":43390,"template":"","meta":{"_acf_changed":false},"product_brand":[],"product_cat":[523,524,525],"product_tag":[],"class_list":{"0":"post-43389","1":"product","2":"type-product","3":"status-publish","4":"has-post-thumbnail","6":"product_cat-engagement-rings-pl","7":"product_cat-engagement-rings-with-diamonds-pl","8":"product_cat-lemon-gold-engagement-rings-pl","10":"first","11":"instock","12":"product-type-simple"},"acf":[],"_links":{"self":[{"href":"https:\/\/zl.jewelry\/pl\/wp-json\/wp\/v2\/product\/43389","targetHints":{"allow":["GET"]}}],"collection":[{"href":"https:\/\/zl.jewelry\/pl\/wp-json\/wp\/v2\/product"}],"about":[{"href":"https:\/\/zl.jewelry\/pl\/wp-json\/wp\/v2\/types\/product"}],"wp:featuredmedia":[{"embeddable":true,"href":"https:\/\/zl.jewelry\/pl\/wp-json\/wp\/v2\/media\/43390"}],"wp:attachment":[{"href":"https:\/\/zl.jewelry\/pl\/wp-json\/wp\/v2\/media?parent=43389"}],"wp:term":[{"taxonomy":"product_brand","embeddable":true,"href":"https:\/\/zl.jewelry\/pl\/wp-json\/wp\/v2\/product_brand?post=43389"},{"taxonomy":"product_cat","embeddable":true,"href":"https:\/\/zl.jewelry\/pl\/wp-json\/wp\/v2\/product_cat?post=43389"},{"taxonomy":"product_tag","embeddable":true,"href":"https:\/\/zl.jewelry\/pl\/wp-json\/wp\/v2\/product_tag?post=43389"}],"curies":[{"name":"wp","href":"https:\/\/api.w.org\/{rel}","templated":true}]}}