{"id":43375,"date":"2025-06-18T11:01:41","date_gmt":"2025-06-18T11:01:41","guid":{"rendered":"https:\/\/zl.jewelry\/product\/wedding-rings-magic-of-love\/"},"modified":"2026-02-04T16:32:01","modified_gmt":"2026-02-04T16:32:01","slug":"wedding-rings-magic-of-love","status":"publish","type":"product","link":"https:\/\/zl.jewelry\/pl\/product\/wedding-rings-magic-of-love\/","title":{"rendered":"Obr\u0105czka \u015blubna &#8222;Magia mi\u0142o\u015bci&#8221;"},"content":{"rendered":"<section class=\"l-section wpb_row height_small\"><div class=\"l-section-h i-cf\"><div class=\"g-cols vc_row via_flex valign_top type_default stacking_default\"><div class=\"vc_col-sm-12 wpb_column vc_column_container\"><div class=\"vc_column-inner\"><div class=\"wpb_wrapper\"><div class=\"wpb_text_column\"><div class=\"wpb_wrapper\"><p>Pier\u015bcionki zar\u0119czynowe z czerwonego i bia\u0142ego z\u0142ota pr\u00f3by 585*, z brylantami o \u015brednicy 2,5 mm, szeroko\u015b\u0107 obr\u0105czek 6-7 mm.<\/p>\n<\/div><\/div><\/div><\/div><\/div><\/div><\/div><\/section>\n","protected":false},"excerpt":{"rendered":"Pier\u015bcionki zar\u0119czynowe z czerwonego i bia\u0142ego z\u0142ota pr\u00f3by 585*, z brylantami o \u015brednicy 2,5 mm, szeroko\u015b\u0107 obr\u0105czek 6-7 mm.","protected":false},"featured_media":43380,"template":"","meta":{"_acf_changed":false},"product_brand":[],"product_cat":[528,530,537,535,531],"product_tag":[],"class_list":{"0":"post-43375","1":"product","2":"type-product","3":"status-publish","4":"has-post-thumbnail","6":"product_cat-wedding-rings-pl","7":"product_cat-combined-wedding-rings-pl","8":"product_cat-with-rocks-4-pl","9":"product_cat-wedding-rings-with-diamonds-pl","10":"product_cat-elite-wedding-rings-pl","12":"first","13":"instock","14":"product-type-simple"},"acf":[],"_links":{"self":[{"href":"https:\/\/zl.jewelry\/pl\/wp-json\/wp\/v2\/product\/43375","targetHints":{"allow":["GET"]}}],"collection":[{"href":"https:\/\/zl.jewelry\/pl\/wp-json\/wp\/v2\/product"}],"about":[{"href":"https:\/\/zl.jewelry\/pl\/wp-json\/wp\/v2\/types\/product"}],"wp:featuredmedia":[{"embeddable":true,"href":"https:\/\/zl.jewelry\/pl\/wp-json\/wp\/v2\/media\/43380"}],"wp:attachment":[{"href":"https:\/\/zl.jewelry\/pl\/wp-json\/wp\/v2\/media?parent=43375"}],"wp:term":[{"taxonomy":"product_brand","embeddable":true,"href":"https:\/\/zl.jewelry\/pl\/wp-json\/wp\/v2\/product_brand?post=43375"},{"taxonomy":"product_cat","embeddable":true,"href":"https:\/\/zl.jewelry\/pl\/wp-json\/wp\/v2\/product_cat?post=43375"},{"taxonomy":"product_tag","embeddable":true,"href":"https:\/\/zl.jewelry\/pl\/wp-json\/wp\/v2\/product_tag?post=43375"}],"curies":[{"name":"wp","href":"https:\/\/api.w.org\/{rel}","templated":true}]}}