{"id":43369,"date":"2025-06-18T11:01:46","date_gmt":"2025-06-18T11:01:46","guid":{"rendered":"https:\/\/zl.jewelry\/product\/bracelet-double-bismarck\/"},"modified":"2026-02-04T16:16:12","modified_gmt":"2026-02-04T16:16:12","slug":"bracelet-double-bismarck","status":"publish","type":"product","link":"https:\/\/zl.jewelry\/pl\/product\/bracelet-double-bismarck\/","title":{"rendered":"Bransoletka &#8222;Podw\u00f3jny Bismarck&#8221;"},"content":{"rendered":"<p>R\u0119cznie tkana bransoletka &#8222;Double Bismarck&#8221; w kolorze czerwonego z\u0142ota pr\u00f3by 585*. Waga r\u00f3\u017cni si\u0119 w zale\u017cno\u015bci od rozmiapl.<\/p>\n","protected":false},"excerpt":{"rendered":"<p>R\u0119cznie tkana bransoletka &#8222;Double Bismarck&#8221; w kolorze czerwonego z\u0142ota pr\u00f3by 585*. Waga r\u00f3\u017cni si\u0119 w zale\u017cno\u015bci od rozmiapl.<\/p>\n","protected":false},"featured_media":43370,"template":"","meta":{"_acf_changed":false},"product_brand":[],"product_cat":[557,560],"product_tag":[],"class_list":{"0":"post-43369","1":"product","2":"type-product","3":"status-publish","4":"has-post-thumbnail","6":"product_cat-bracelets-pl","7":"product_cat-gold-bracelets-up-to-30-gr-pl","9":"first","10":"instock","11":"product-type-simple"},"acf":[],"_links":{"self":[{"href":"https:\/\/zl.jewelry\/pl\/wp-json\/wp\/v2\/product\/43369","targetHints":{"allow":["GET"]}}],"collection":[{"href":"https:\/\/zl.jewelry\/pl\/wp-json\/wp\/v2\/product"}],"about":[{"href":"https:\/\/zl.jewelry\/pl\/wp-json\/wp\/v2\/types\/product"}],"wp:featuredmedia":[{"embeddable":true,"href":"https:\/\/zl.jewelry\/pl\/wp-json\/wp\/v2\/media\/43370"}],"wp:attachment":[{"href":"https:\/\/zl.jewelry\/pl\/wp-json\/wp\/v2\/media?parent=43369"}],"wp:term":[{"taxonomy":"product_brand","embeddable":true,"href":"https:\/\/zl.jewelry\/pl\/wp-json\/wp\/v2\/product_brand?post=43369"},{"taxonomy":"product_cat","embeddable":true,"href":"https:\/\/zl.jewelry\/pl\/wp-json\/wp\/v2\/product_cat?post=43369"},{"taxonomy":"product_tag","embeddable":true,"href":"https:\/\/zl.jewelry\/pl\/wp-json\/wp\/v2\/product_tag?post=43369"}],"curies":[{"name":"wp","href":"https:\/\/api.w.org\/{rel}","templated":true}]}}