{"id":43353,"date":"2025-06-18T11:01:46","date_gmt":"2025-06-18T11:01:46","guid":{"rendered":"https:\/\/zl.jewelry\/product\/pendant-angel-with-a-stone-2\/"},"modified":"2026-02-04T14:10:12","modified_gmt":"2026-02-04T14:10:12","slug":"pendant-angel-with-a-stone-2","status":"publish","type":"product","link":"https:\/\/zl.jewelry\/pl\/product\/pendant-angel-with-a-stone-2\/","title":{"rendered":"Wisiorek &#8222;Anio\u0142&#8221; z kamieniem"},"content":{"rendered":"<p><span style=\"background-color: #ffffff; color: #1d2129; font-family: segoe ui historic,segoe ui,helvetica,arial,sans-serif; font-size: 14px;\">Uwa\u017ca si\u0119, \u017ce z\u0142oty anio\u0142 reprezentuje anio\u0142a str\u00f3\u017ca. Jest to naprawd\u0119 dobry prezent dla dziecka na urodziny, Nowy Rok, Bo\u017ce Narodzenie, urodziny, uko\u0144czenie szko\u0142y lub inne wa\u017cne wydarzenie. &#8230;<\/span><br \/>\n<span style=\"background-color: #ffffff; color: #1d2129; font-family: segoe ui historic,segoe ui,helvetica,arial,sans-serif; font-size: 14px;\">Dlatego wisiorki z wizeplnkiem anio\u0142a \u2013 to nie tylko bi\u017cuteria, ale prawdziwe amulety. &#8230;.<\/span><\/p>\n<p><span style=\"background-color: #ffffff; color: #1d2129; font-family: segoe ui historic,segoe ui,helvetica,arial,sans-serif; font-size: 14px;\">Z\u0142oty wisiorek anio\u0142 wygl\u0105da r\u00f3wnie wykwintnie i uroczo.\u00a0<\/span><\/p>\n<p><span style=\"background-color: #ffffff; color: #1d2129; font-family: segoe ui historic,segoe ui,helvetica,arial,sans-serif; font-size: 14px;\">Wisiorek z czerwonego z\u0142ota, wysoko\u015b\u0107 20 mm, waga 2,80 grama. Kamie\u0144 ma \u015brednic\u0119 3 mm, dowolny kamie\u0144 mo\u017ce by\u0107 osadzony zgodnie z \u017cyczeniem.<\/span><\/p>\n","protected":false},"excerpt":{"rendered":"<p>Uwa\u017ca si\u0119, \u017ce z\u0142oty anio\u0142 reprezentuje anio\u0142a str\u00f3\u017ca. Jest to naprawd\u0119 dobry prezent dla dziecka na urodziny, Nowy Rok, Bo\u017ce Narodzenie, urodziny, uko\u0144czenie szko\u0142y lub inne wa\u017cne wydarzenie. &#8230; Dlatego wisiorki z wizeplnkiem anio\u0142a \u2013 to nie tylko bi\u017cuteria, ale prawdziwe amulety. &#8230;. Z\u0142oty wisiorek anio\u0142 wygl\u0105da r\u00f3wnie wykwintnie i uroczo.\u00a0 Wisiorek z czerwonego z\u0142ota,&#8230;<\/p>\n","protected":false},"featured_media":43354,"template":"","meta":{"_acf_changed":false},"product_brand":[],"product_cat":[563,566,567,570],"product_tag":[],"class_list":{"0":"post-43353","1":"product","2":"type-product","3":"status-publish","4":"has-post-thumbnail","6":"product_cat-gold-pendants-pl","7":"product_cat-with-cubic-zirconia-2-pl","8":"product_cat-with-diamonds-2-pl","9":"product_cat-with-rocks-2-pl","11":"first","12":"instock","13":"product-type-simple"},"acf":[],"_links":{"self":[{"href":"https:\/\/zl.jewelry\/pl\/wp-json\/wp\/v2\/product\/43353","targetHints":{"allow":["GET"]}}],"collection":[{"href":"https:\/\/zl.jewelry\/pl\/wp-json\/wp\/v2\/product"}],"about":[{"href":"https:\/\/zl.jewelry\/pl\/wp-json\/wp\/v2\/types\/product"}],"wp:featuredmedia":[{"embeddable":true,"href":"https:\/\/zl.jewelry\/pl\/wp-json\/wp\/v2\/media\/43354"}],"wp:attachment":[{"href":"https:\/\/zl.jewelry\/pl\/wp-json\/wp\/v2\/media?parent=43353"}],"wp:term":[{"taxonomy":"product_brand","embeddable":true,"href":"https:\/\/zl.jewelry\/pl\/wp-json\/wp\/v2\/product_brand?post=43353"},{"taxonomy":"product_cat","embeddable":true,"href":"https:\/\/zl.jewelry\/pl\/wp-json\/wp\/v2\/product_cat?post=43353"},{"taxonomy":"product_tag","embeddable":true,"href":"https:\/\/zl.jewelry\/pl\/wp-json\/wp\/v2\/product_tag?post=43353"}],"curies":[{"name":"wp","href":"https:\/\/api.w.org\/{rel}","templated":true}]}}