{"id":43332,"date":"2025-06-18T11:01:46","date_gmt":"2025-06-18T11:01:46","guid":{"rendered":"https:\/\/zl.jewelry\/product\/wedding-rings-feathers\/"},"modified":"2026-02-04T13:16:04","modified_gmt":"2026-02-04T13:16:04","slug":"wedding-rings-feathers","status":"publish","type":"product","link":"https:\/\/zl.jewelry\/pl\/product\/wedding-rings-feathers\/","title":{"rendered":"Obr\u0105czki \u015blubne &#8222;Pi\u00f3ra&#8221;"},"content":{"rendered":"<section class=\"l-section wpb_row height_small\"><div class=\"l-section-h i-cf\"><div class=\"g-cols vc_row via_flex valign_top type_default stacking_default\"><div class=\"vc_col-sm-12 wpb_column vc_column_container\"><div class=\"vc_column-inner\"><div class=\"wpb_wrapper\"><div class=\"wpb_text_column\"><div class=\"wpb_wrapper\"><p><span style=\"font-size: 14px;\"><span style=\"font-family: georgia,serif;\">W naszym \u017cyciu zawsze jest miejsce na wyobra\u017ani\u0119 i kreatywno\u015b\u0107.<\/span><\/span><\/p>\n<p><span style=\"font-size: 14px;\"><span style=\"font-family: georgia,serif;\">A \u017cycie pe\u0142ne znaczenia to g\u0142\u00f3wne &#8222;credo&#8221; naszych nowo\u017ce\u0144c\u00f3w, kt\u00f3re najlepiej ujawnia si\u0119 w oryginalnym projekcie obr\u0105czek \u015blubnych.<\/span><\/span><\/p>\n<p><span style=\"font-size: 14px;\"><span style=\"font-family: georgia,serif;\">Pi\u00f3ra przedstawione na obr\u0105czkach to nie tylko pi\u0119kny element dekoracyjny, to symbol, kt\u00f3ry po\u0142\u0105czy\u0142 t\u0119 par\u0119 &#8211; rodowe nazwisko Hawk.<\/span><\/span><\/p>\n<p><span style=\"font-size: 14px;\"><span style=\"font-family: georgia,serif;\">\u0410 list &#8222;\u0410&#8221; Z ty\u0142u obr\u0105czek znajduje si\u0119 pojedynczy anogram.\u00a0imion Alexander i Anastasia.<\/span><\/span><\/p>\n<p><span style=\"font-size: 14px;\"><span style=\"font-family: georgia,serif;\"><span style=\"background-color: #ffffff;\">Twoja dzika wyobra\u017ania i zr\u0119czne r\u0119ce Mistrza tworz\u0105 prawdziwe cuda!<\/span><\/span><\/span><\/p>\n<p><span class=\"marker\"><span style=\"font-size: 14px;\"><span style=\"font-family: georgia,serif;\"><span style=\"background-color: #ffffff;\">Szeroko\u015b\u0107 pier\u015bcienia od 6,0 mm, gplbo\u015b\u0107 pier\u015bcienia od <span style=\"font-size: 18px;\">1.2<\/span>mm .\u00a0 Pi\u00f3ra i inicja\u0142y s\u0105 rodowane.<\/span><\/span><\/span><\/span><\/p>\n<\/div><\/div><\/div><\/div><\/div><\/div><\/div><\/section>\n","protected":false},"excerpt":{"rendered":"W naszym \u017cyciu zawsze jest miejsce na wyobra\u017ani\u0119 i kreatywno\u015b\u0107. A \u017cycie pe\u0142ne znaczenia to g\u0142\u00f3wne &#8222;credo&#8221; naszych nowo\u017ce\u0144c\u00f3w, kt\u00f3re najlepiej ujawnia si\u0119 w oryginalnym projekcie obr\u0105czek \u015blubnych. Pi\u00f3ra przedstawione na obr\u0105czkach to nie tylko pi\u0119kny element dekoracyjny, to symbol, kt\u00f3ry po\u0142\u0105czy\u0142 t\u0119 par\u0119 &#8211; rodowe nazwisko Hawk. \u0410 list &#8222;\u0410&#8221; Z ty\u0142u obr\u0105czek znajduje...","protected":false},"featured_media":43336,"template":"","meta":{"_acf_changed":false},"product_brand":[],"product_cat":[528,530],"product_tag":[],"class_list":{"0":"post-43332","1":"product","2":"type-product","3":"status-publish","4":"has-post-thumbnail","6":"product_cat-wedding-rings-pl","7":"product_cat-combined-wedding-rings-pl","9":"first","10":"instock","11":"product-type-simple"},"acf":[],"_links":{"self":[{"href":"https:\/\/zl.jewelry\/pl\/wp-json\/wp\/v2\/product\/43332","targetHints":{"allow":["GET"]}}],"collection":[{"href":"https:\/\/zl.jewelry\/pl\/wp-json\/wp\/v2\/product"}],"about":[{"href":"https:\/\/zl.jewelry\/pl\/wp-json\/wp\/v2\/types\/product"}],"wp:featuredmedia":[{"embeddable":true,"href":"https:\/\/zl.jewelry\/pl\/wp-json\/wp\/v2\/media\/43336"}],"wp:attachment":[{"href":"https:\/\/zl.jewelry\/pl\/wp-json\/wp\/v2\/media?parent=43332"}],"wp:term":[{"taxonomy":"product_brand","embeddable":true,"href":"https:\/\/zl.jewelry\/pl\/wp-json\/wp\/v2\/product_brand?post=43332"},{"taxonomy":"product_cat","embeddable":true,"href":"https:\/\/zl.jewelry\/pl\/wp-json\/wp\/v2\/product_cat?post=43332"},{"taxonomy":"product_tag","embeddable":true,"href":"https:\/\/zl.jewelry\/pl\/wp-json\/wp\/v2\/product_tag?post=43332"}],"curies":[{"name":"wp","href":"https:\/\/api.w.org\/{rel}","templated":true}]}}