{"id":43328,"date":"2025-06-18T11:01:52","date_gmt":"2025-06-18T11:01:52","guid":{"rendered":"https:\/\/zl.jewelry\/product\/ring-diamond-light\/"},"modified":"2026-02-04T13:07:12","modified_gmt":"2026-02-04T13:07:12","slug":"ring-diamond-light","status":"publish","type":"product","link":"https:\/\/zl.jewelry\/pl\/product\/ring-diamond-light\/","title":{"rendered":"Pier\u015bcionek &#8222;Diamentowe \u015bwiat\u0142o&#8221;"},"content":{"rendered":"","protected":false},"excerpt":{"rendered":"","protected":false},"featured_media":43329,"template":"","meta":{"_acf_changed":false},"product_brand":[],"product_cat":[518,519,522,514],"product_tag":[],"class_list":{"0":"post-43328","1":"product","2":"type-product","3":"status-publish","4":"has-post-thumbnail","6":"product_cat-red-gold-rings-pl","7":"product_cat-rings-with-diamonds-pl","8":"product_cat-with-rocks-pl","9":"product_cat-golden-rings-pl","11":"first","12":"instock","13":"product-type-simple"},"acf":[],"_links":{"self":[{"href":"https:\/\/zl.jewelry\/pl\/wp-json\/wp\/v2\/product\/43328","targetHints":{"allow":["GET"]}}],"collection":[{"href":"https:\/\/zl.jewelry\/pl\/wp-json\/wp\/v2\/product"}],"about":[{"href":"https:\/\/zl.jewelry\/pl\/wp-json\/wp\/v2\/types\/product"}],"wp:featuredmedia":[{"embeddable":true,"href":"https:\/\/zl.jewelry\/pl\/wp-json\/wp\/v2\/media\/43329"}],"wp:attachment":[{"href":"https:\/\/zl.jewelry\/pl\/wp-json\/wp\/v2\/media?parent=43328"}],"wp:term":[{"taxonomy":"product_brand","embeddable":true,"href":"https:\/\/zl.jewelry\/pl\/wp-json\/wp\/v2\/product_brand?post=43328"},{"taxonomy":"product_cat","embeddable":true,"href":"https:\/\/zl.jewelry\/pl\/wp-json\/wp\/v2\/product_cat?post=43328"},{"taxonomy":"product_tag","embeddable":true,"href":"https:\/\/zl.jewelry\/pl\/wp-json\/wp\/v2\/product_tag?post=43328"}],"curies":[{"name":"wp","href":"https:\/\/api.w.org\/{rel}","templated":true}]}}