{"id":43326,"date":"2025-06-18T11:01:52","date_gmt":"2025-06-18T11:01:52","guid":{"rendered":"https:\/\/zl.jewelry\/product\/pendant-guardian-angel-in-lemon-gold\/"},"modified":"2026-02-04T12:59:09","modified_gmt":"2026-02-04T12:59:09","slug":"pendant-guardian-angel-in-lemon-gold","status":"publish","type":"product","link":"https:\/\/zl.jewelry\/pl\/product\/pendant-guardian-angel-in-lemon-gold\/","title":{"rendered":"Wisiorek &#8222;Anio\u0142 Str\u00f3\u017c&#8221; z cytrynowego z\u0142ota"},"content":{"rendered":"<section class=\"l-section wpb_row height_small\"><div class=\"l-section-h i-cf\"><div class=\"g-cols vc_row via_flex valign_top type_default stacking_default\"><div class=\"vc_col-sm-12 wpb_column vc_column_container\"><div class=\"vc_column-inner\"><div class=\"wpb_wrapper\"><div class=\"wpb_text_column\"><div class=\"wpb_wrapper\"><p>Wisiorek na drewnianej podstawie, w po\u0142\u0105czonym kolorze metalu 585*, o wadze 24,57 grama. Wisiorek, Archanio\u0142 &#8211; w kolorze cytrynowym, tarcza i skrzyd\u0142a &#8211; z bia\u0142ego z\u0142ota, rodowany. Kamienie to czarne fianity. Na rewersie znajduje si\u0119 tekst &#8222;Tak wi\u0119c dobro\u0107 i mi\u0142osierdzie b\u0119d\u0105 mi towarzyszy\u0107 przez wszystkie dni mego \u017cycia i b\u0119d\u0119 przebywa\u0142 w domu Pana przez wiele dni&#8221;.<\/p>\n<\/div><\/div><\/div><\/div><\/div><\/div><\/div><\/section>\n","protected":false},"excerpt":{"rendered":"Wisiorek na drewnianej podstawie, w po\u0142\u0105czonym kolorze metalu 585*, o wadze 24,57 grama. Wisiorek, Archanio\u0142 &#8211; w kolorze cytrynowym, tarcza i skrzyd\u0142a &#8211; z bia\u0142ego z\u0142ota, rodowany. Kamienie to czarne fianity. Na rewersie znajduje si\u0119 tekst &#8222;Tak wi\u0119c dobro\u0107 i mi\u0142osierdzie b\u0119d\u0105 mi towarzyszy\u0107 przez wszystkie dni mego \u017cycia i b\u0119d\u0119 przebywa\u0142 w domu Pana...","protected":false},"featured_media":43327,"template":"","meta":{"_acf_changed":false},"product_brand":[],"product_cat":[500,502],"product_tag":[],"class_list":{"0":"post-43326","1":"product","2":"type-product","3":"status-publish","4":"has-post-thumbnail","6":"product_cat-golden-icons-pl","7":"product_cat-on-an-ebony-tree-pl","9":"first","10":"instock","11":"product-type-simple"},"acf":[],"_links":{"self":[{"href":"https:\/\/zl.jewelry\/pl\/wp-json\/wp\/v2\/product\/43326","targetHints":{"allow":["GET"]}}],"collection":[{"href":"https:\/\/zl.jewelry\/pl\/wp-json\/wp\/v2\/product"}],"about":[{"href":"https:\/\/zl.jewelry\/pl\/wp-json\/wp\/v2\/types\/product"}],"wp:featuredmedia":[{"embeddable":true,"href":"https:\/\/zl.jewelry\/pl\/wp-json\/wp\/v2\/media\/43327"}],"wp:attachment":[{"href":"https:\/\/zl.jewelry\/pl\/wp-json\/wp\/v2\/media?parent=43326"}],"wp:term":[{"taxonomy":"product_brand","embeddable":true,"href":"https:\/\/zl.jewelry\/pl\/wp-json\/wp\/v2\/product_brand?post=43326"},{"taxonomy":"product_cat","embeddable":true,"href":"https:\/\/zl.jewelry\/pl\/wp-json\/wp\/v2\/product_cat?post=43326"},{"taxonomy":"product_tag","embeddable":true,"href":"https:\/\/zl.jewelry\/pl\/wp-json\/wp\/v2\/product_tag?post=43326"}],"curies":[{"name":"wp","href":"https:\/\/api.w.org\/{rel}","templated":true}]}}