{"id":43320,"date":"2025-06-18T11:01:52","date_gmt":"2025-06-18T11:01:52","guid":{"rendered":"https:\/\/zl.jewelry\/product\/bracelet-tree-of-life-2\/"},"modified":"2026-02-04T12:25:20","modified_gmt":"2026-02-04T12:25:20","slug":"bracelet-tree-of-life-2","status":"publish","type":"product","link":"https:\/\/zl.jewelry\/pl\/product\/bracelet-tree-of-life-2\/","title":{"rendered":"Bransoletka &#8222;Drzewo \u017cycia\u201d"},"content":{"rendered":"<p><span style=\"font-size: 14px;\"><span style=\"font-family: georgia,serif;\">\u00a0<span style=\"background-color: #ffffff;\">Drzewo jest symbolem \u017cycia. Drzewo od dawna jest jednym z g\u0142\u00f3wnych symboli p\u0142odno\u015bci i witalno\u015bci. Drzewo li\u015bciaste, kt\u00f3re co roku zmienia swoje li\u015bcie, symbolizowa\u0142o odnow\u0119 \u017cycia. G\u0142\u00f3wnym znaczeniem jest biblijne drzewo, kt\u00f3re ros\u0142o w ogrodzie Eden, a owoc tego drzewa dawa\u0142 \u017cycie wieczne! Wstawka w formie drzewa, to pi\u0119kny element bi\u017cuterii, kt\u00f3ry niesie ze sob\u0105 pozytywne znaczenie. Tak wi\u0119c ka\u017cdy b\u0119dzie zadowolony widz\u0105c w tej bransoletce \u017cycie i pomy\u015blno\u015b\u0107 jej w\u0142a\u015bciciela!<\/span><\/span><\/span><\/p>\n<p><span style=\"font-size: 14px;\"><span style=\"font-family: georgia,serif;\">Materia\u0142 to nylonowa ni\u0107 o gplbo\u015bci 2 mm.\u00a0<\/span><\/span><span style=\"font-family: georgia, serif; font-size: 14px;\">Blokada karabi\u0144czyka<\/span><\/p>\n","protected":false},"excerpt":{"rendered":"<p>\u00a0Drzewo jest symbolem \u017cycia. Drzewo od dawna jest jednym z g\u0142\u00f3wnych symboli p\u0142odno\u015bci i witalno\u015bci. Drzewo li\u015bciaste, kt\u00f3re co roku zmienia swoje li\u015bcie, symbolizowa\u0142o odnow\u0119 \u017cycia. G\u0142\u00f3wnym znaczeniem jest biblijne drzewo, kt\u00f3re ros\u0142o w ogrodzie Eden, a owoc tego drzewa dawa\u0142 \u017cycie wieczne! Wstawka w formie drzewa, to pi\u0119kny element bi\u017cuterii, kt\u00f3ry niesie ze sob\u0105&#8230;<\/p>\n","protected":false},"featured_media":43321,"template":"","meta":{"_acf_changed":false},"product_brand":[],"product_cat":[557,560,562],"product_tag":[],"class_list":{"0":"post-43320","1":"product","2":"type-product","3":"status-publish","4":"has-post-thumbnail","6":"product_cat-bracelets-pl","7":"product_cat-gold-bracelets-up-to-30-gr-pl","8":"product_cat-silk-bracelets-with-gold-inserts-pl","10":"first","11":"instock","12":"product-type-simple"},"acf":[],"_links":{"self":[{"href":"https:\/\/zl.jewelry\/pl\/wp-json\/wp\/v2\/product\/43320","targetHints":{"allow":["GET"]}}],"collection":[{"href":"https:\/\/zl.jewelry\/pl\/wp-json\/wp\/v2\/product"}],"about":[{"href":"https:\/\/zl.jewelry\/pl\/wp-json\/wp\/v2\/types\/product"}],"wp:featuredmedia":[{"embeddable":true,"href":"https:\/\/zl.jewelry\/pl\/wp-json\/wp\/v2\/media\/43321"}],"wp:attachment":[{"href":"https:\/\/zl.jewelry\/pl\/wp-json\/wp\/v2\/media?parent=43320"}],"wp:term":[{"taxonomy":"product_brand","embeddable":true,"href":"https:\/\/zl.jewelry\/pl\/wp-json\/wp\/v2\/product_brand?post=43320"},{"taxonomy":"product_cat","embeddable":true,"href":"https:\/\/zl.jewelry\/pl\/wp-json\/wp\/v2\/product_cat?post=43320"},{"taxonomy":"product_tag","embeddable":true,"href":"https:\/\/zl.jewelry\/pl\/wp-json\/wp\/v2\/product_tag?post=43320"}],"curies":[{"name":"wp","href":"https:\/\/api.w.org\/{rel}","templated":true}]}}