{"id":43312,"date":"2025-06-18T11:01:52","date_gmt":"2025-06-18T11:01:52","guid":{"rendered":"https:\/\/zl.jewelry\/product\/the-icon-prayer-book-with-our-father-with-nicholas-the-wonderworker-and-the-seven-shooter-icon-of-the-mother-of-god\/"},"modified":"2026-02-04T11:52:51","modified_gmt":"2026-02-04T11:52:51","slug":"the-icon-prayer-book-with-our-father-with-nicholas-the-wonderworker-and-the-seven-shooter-icon-of-the-mother-of-god","status":"publish","type":"product","link":"https:\/\/zl.jewelry\/pl\/product\/the-icon-prayer-book-with-our-father-with-nicholas-the-wonderworker-and-the-seven-shooter-icon-of-the-mother-of-god\/","title":{"rendered":"Ikona &#8222;Modlitewnik z Ojcze Nasz&#8221; z Miko\u0142ajem Cudotw\u00f3rc\u0105 i ikon\u0105 Matki Bo\u017cej &#8222;Siedmioramiennej&#8221;"},"content":{"rendered":"","protected":false},"excerpt":{"rendered":"","protected":false},"featured_media":35825,"template":"","meta":{"_acf_changed":false},"product_brand":[],"product_cat":[500],"product_tag":[],"class_list":{"0":"post-43312","1":"product","2":"type-product","3":"status-publish","4":"has-post-thumbnail","6":"product_cat-golden-icons-pl","8":"first","9":"instock","10":"product-type-simple"},"acf":[],"_links":{"self":[{"href":"https:\/\/zl.jewelry\/pl\/wp-json\/wp\/v2\/product\/43312","targetHints":{"allow":["GET"]}}],"collection":[{"href":"https:\/\/zl.jewelry\/pl\/wp-json\/wp\/v2\/product"}],"about":[{"href":"https:\/\/zl.jewelry\/pl\/wp-json\/wp\/v2\/types\/product"}],"wp:featuredmedia":[{"embeddable":true,"href":"https:\/\/zl.jewelry\/pl\/wp-json\/wp\/v2\/media\/35825"}],"wp:attachment":[{"href":"https:\/\/zl.jewelry\/pl\/wp-json\/wp\/v2\/media?parent=43312"}],"wp:term":[{"taxonomy":"product_brand","embeddable":true,"href":"https:\/\/zl.jewelry\/pl\/wp-json\/wp\/v2\/product_brand?post=43312"},{"taxonomy":"product_cat","embeddable":true,"href":"https:\/\/zl.jewelry\/pl\/wp-json\/wp\/v2\/product_cat?post=43312"},{"taxonomy":"product_tag","embeddable":true,"href":"https:\/\/zl.jewelry\/pl\/wp-json\/wp\/v2\/product_tag?post=43312"}],"curies":[{"name":"wp","href":"https:\/\/api.w.org\/{rel}","templated":true}]}}