{"id":43304,"date":"2025-06-18T11:01:52","date_gmt":"2025-06-18T11:01:52","guid":{"rendered":"https:\/\/zl.jewelry\/product\/necklace-strict-style\/"},"modified":"2026-02-04T11:36:25","modified_gmt":"2026-02-04T11:36:25","slug":"necklace-strict-style","status":"publish","type":"product","link":"https:\/\/zl.jewelry\/pl\/product\/necklace-strict-style\/","title":{"rendered":"Kolia &#8222;Surowy styl&#8221;"},"content":{"rendered":"<p>Kolia z bia\u0142ego z\u0142ota pokrytego rodem. Waga zale\u017cy od wymiar\u00f3w bi\u017cuterii, przy d\u0142ugo\u015bci \u0142a\u0144cuszka 40 cm waga z\u0142ota wynosi 2,89 grama. W centrum Koliaa znajduje si\u0119 kamie\u0144 o \u015brednicy 5,00 mm, istnieje mo\u017cliwo\u015b\u0107 osadzenia dowolnego kamienia zgodnie z \u017cyczeniem klienta.<\/p>\n","protected":false},"excerpt":{"rendered":"<p>Kolia z bia\u0142ego z\u0142ota pokrytego rodem. Waga zale\u017cy od wymiar\u00f3w bi\u017cuterii, przy d\u0142ugo\u015bci \u0142a\u0144cuszka 40 cm waga z\u0142ota wynosi 2,89 grama. W centrum Koliaa znajduje si\u0119 kamie\u0144 o \u015brednicy 5,00 mm, istnieje mo\u017cliwo\u015b\u0107 osadzenia dowolnego kamienia zgodnie z \u017cyczeniem klienta.<\/p>\n","protected":false},"featured_media":43305,"template":"","meta":{"_acf_changed":false},"product_brand":[],"product_cat":[571,572,574],"product_tag":[],"class_list":{"0":"post-43304","1":"product","2":"type-product","3":"status-publish","4":"has-post-thumbnail","6":"product_cat-exclusive-necklaces-pl","7":"product_cat-necklace-with-diamonds-pl","8":"product_cat-with-rocks-3-pl","10":"first","11":"instock","12":"product-type-simple"},"acf":[],"_links":{"self":[{"href":"https:\/\/zl.jewelry\/pl\/wp-json\/wp\/v2\/product\/43304","targetHints":{"allow":["GET"]}}],"collection":[{"href":"https:\/\/zl.jewelry\/pl\/wp-json\/wp\/v2\/product"}],"about":[{"href":"https:\/\/zl.jewelry\/pl\/wp-json\/wp\/v2\/types\/product"}],"wp:featuredmedia":[{"embeddable":true,"href":"https:\/\/zl.jewelry\/pl\/wp-json\/wp\/v2\/media\/43305"}],"wp:attachment":[{"href":"https:\/\/zl.jewelry\/pl\/wp-json\/wp\/v2\/media?parent=43304"}],"wp:term":[{"taxonomy":"product_brand","embeddable":true,"href":"https:\/\/zl.jewelry\/pl\/wp-json\/wp\/v2\/product_brand?post=43304"},{"taxonomy":"product_cat","embeddable":true,"href":"https:\/\/zl.jewelry\/pl\/wp-json\/wp\/v2\/product_cat?post=43304"},{"taxonomy":"product_tag","embeddable":true,"href":"https:\/\/zl.jewelry\/pl\/wp-json\/wp\/v2\/product_tag?post=43304"}],"curies":[{"name":"wp","href":"https:\/\/api.w.org\/{rel}","templated":true}]}}