{"id":43298,"date":"2025-06-18T11:01:52","date_gmt":"2025-06-18T11:01:52","guid":{"rendered":"https:\/\/zl.jewelry\/product\/necklace-the-power-of-faith\/"},"modified":"2026-02-04T10:59:53","modified_gmt":"2026-02-04T10:59:53","slug":"necklace-the-power-of-faith","status":"publish","type":"product","link":"https:\/\/zl.jewelry\/pl\/product\/necklace-the-power-of-faith\/","title":{"rendered":"Koli\u0435 &#8222;Si\u0142a wiary&#8221;"},"content":{"rendered":"<p>Kolia z bia\u0142ego z\u0142ota pokrytego rodem. Waga bi\u017cuterii zale\u017cy od d\u0142ugo\u015bci \u0142a\u0144cuszka, przy d\u0142ugo\u015bci \u0142a\u0144cuszka 55 cm waga z\u0142ota wynosi 9,15 grama. W centplm krzy\u017cyka znajduje si\u0119 kamie\u0144 o przybli\u017conej \u015brednicy 2,00 mm, na \u017cyczenie klienta mo\u017ce zosta\u0107 osadzony dowolny kamie\u0144.<\/p>\n","protected":false},"excerpt":{"rendered":"<p>Kolia z bia\u0142ego z\u0142ota pokrytego rodem. Waga bi\u017cuterii zale\u017cy od d\u0142ugo\u015bci \u0142a\u0144cuszka, przy d\u0142ugo\u015bci \u0142a\u0144cuszka 55 cm waga z\u0142ota wynosi 9,15 grama. W centplm krzy\u017cyka znajduje si\u0119 kamie\u0144 o przybli\u017conej \u015brednicy 2,00 mm, na \u017cyczenie klienta mo\u017ce zosta\u0107 osadzony dowolny kamie\u0144.<\/p>\n","protected":false},"featured_media":43299,"template":"","meta":{"_acf_changed":false},"product_brand":[],"product_cat":[571,572,574],"product_tag":[],"class_list":{"0":"post-43298","1":"product","2":"type-product","3":"status-publish","4":"has-post-thumbnail","6":"product_cat-exclusive-necklaces-pl","7":"product_cat-necklace-with-diamonds-pl","8":"product_cat-with-rocks-3-pl","10":"first","11":"instock","12":"product-type-simple"},"acf":[],"_links":{"self":[{"href":"https:\/\/zl.jewelry\/pl\/wp-json\/wp\/v2\/product\/43298","targetHints":{"allow":["GET"]}}],"collection":[{"href":"https:\/\/zl.jewelry\/pl\/wp-json\/wp\/v2\/product"}],"about":[{"href":"https:\/\/zl.jewelry\/pl\/wp-json\/wp\/v2\/types\/product"}],"wp:featuredmedia":[{"embeddable":true,"href":"https:\/\/zl.jewelry\/pl\/wp-json\/wp\/v2\/media\/43299"}],"wp:attachment":[{"href":"https:\/\/zl.jewelry\/pl\/wp-json\/wp\/v2\/media?parent=43298"}],"wp:term":[{"taxonomy":"product_brand","embeddable":true,"href":"https:\/\/zl.jewelry\/pl\/wp-json\/wp\/v2\/product_brand?post=43298"},{"taxonomy":"product_cat","embeddable":true,"href":"https:\/\/zl.jewelry\/pl\/wp-json\/wp\/v2\/product_cat?post=43298"},{"taxonomy":"product_tag","embeddable":true,"href":"https:\/\/zl.jewelry\/pl\/wp-json\/wp\/v2\/product_tag?post=43298"}],"curies":[{"name":"wp","href":"https:\/\/api.w.org\/{rel}","templated":true}]}}