{"id":43296,"date":"2025-06-18T11:01:52","date_gmt":"2025-06-18T11:01:52","guid":{"rendered":"https:\/\/zl.jewelry\/product\/leather-rope-hexagon\/"},"modified":"2026-02-04T10:56:40","modified_gmt":"2026-02-04T10:56:40","slug":"leather-rope-hexagon","status":"publish","type":"product","link":"https:\/\/zl.jewelry\/pl\/product\/leather-rope-hexagon\/","title":{"rendered":"Sk\u00f3rzana Sznur &#8222;Sze\u015bciok\u0105t&#8221;"},"content":{"rendered":"<section class=\"l-section wpb_row height_small\"><div class=\"l-section-h i-cf\"><div class=\"g-cols vc_row via_flex valign_top type_default stacking_default\"><div class=\"vc_col-sm-12 wpb_column vc_column_container\"><div class=\"vc_column-inner\"><div class=\"wpb_wrapper\"><div class=\"wpb_text_column\"><div class=\"wpb_wrapper\"><p><span style=\"font-family: calibri,sans-serif; font-size: 13.5pt;\">\u015arednica sita liny wynosi 5 mm.\u00a0D\u0142ugo\u015b\u0107 liny jest na \u017cyczenie klienta.<\/span><\/p>\n<\/div><\/div><\/div><\/div><\/div><\/div><\/div><\/section>\n","protected":false},"excerpt":{"rendered":"\u015arednica sita liny wynosi 5 mm.\u00a0D\u0142ugo\u015b\u0107 liny jest na \u017cyczenie klienta.","protected":false},"featured_media":43297,"template":"","meta":{"_acf_changed":false},"product_brand":[],"product_cat":[496,498],"product_tag":[],"class_list":{"0":"post-43296","1":"product","2":"type-product","3":"status-publish","4":"has-post-thumbnail","6":"product_cat-jewelry-laces-pl","7":"product_cat-leather-pl","9":"first","10":"instock","11":"product-type-simple"},"acf":[],"_links":{"self":[{"href":"https:\/\/zl.jewelry\/pl\/wp-json\/wp\/v2\/product\/43296","targetHints":{"allow":["GET"]}}],"collection":[{"href":"https:\/\/zl.jewelry\/pl\/wp-json\/wp\/v2\/product"}],"about":[{"href":"https:\/\/zl.jewelry\/pl\/wp-json\/wp\/v2\/types\/product"}],"wp:featuredmedia":[{"embeddable":true,"href":"https:\/\/zl.jewelry\/pl\/wp-json\/wp\/v2\/media\/43297"}],"wp:attachment":[{"href":"https:\/\/zl.jewelry\/pl\/wp-json\/wp\/v2\/media?parent=43296"}],"wp:term":[{"taxonomy":"product_brand","embeddable":true,"href":"https:\/\/zl.jewelry\/pl\/wp-json\/wp\/v2\/product_brand?post=43296"},{"taxonomy":"product_cat","embeddable":true,"href":"https:\/\/zl.jewelry\/pl\/wp-json\/wp\/v2\/product_cat?post=43296"},{"taxonomy":"product_tag","embeddable":true,"href":"https:\/\/zl.jewelry\/pl\/wp-json\/wp\/v2\/product_tag?post=43296"}],"curies":[{"name":"wp","href":"https:\/\/api.w.org\/{rel}","templated":true}]}}