{"id":43286,"date":"2025-06-18T11:01:58","date_gmt":"2025-06-18T11:01:58","guid":{"rendered":"https:\/\/zl.jewelry\/product\/bracelet-pearl\/"},"modified":"2026-02-04T10:31:42","modified_gmt":"2026-02-04T10:31:42","slug":"bracelet-pearl","status":"publish","type":"product","link":"https:\/\/zl.jewelry\/pl\/product\/bracelet-pearl\/","title":{"rendered":"Bransoletka &#8222;Per\u0142a&#8221;"},"content":{"rendered":"<p>Wk\u0142adka &#8211; per\u0142y<\/p>\n","protected":false},"excerpt":{"rendered":"<p>Wk\u0142adka &#8211; per\u0142y<\/p>\n","protected":false},"featured_media":43287,"template":"","meta":{"_acf_changed":false},"product_brand":[],"product_cat":[557,558,560],"product_tag":[],"class_list":{"0":"post-43286","1":"product","2":"type-product","3":"status-publish","4":"has-post-thumbnail","6":"product_cat-bracelets-pl","7":"product_cat-bracelets-made-of-natural-stones-pl","8":"product_cat-gold-bracelets-up-to-30-gr-pl","10":"first","11":"instock","12":"product-type-simple"},"acf":[],"_links":{"self":[{"href":"https:\/\/zl.jewelry\/pl\/wp-json\/wp\/v2\/product\/43286","targetHints":{"allow":["GET"]}}],"collection":[{"href":"https:\/\/zl.jewelry\/pl\/wp-json\/wp\/v2\/product"}],"about":[{"href":"https:\/\/zl.jewelry\/pl\/wp-json\/wp\/v2\/types\/product"}],"wp:featuredmedia":[{"embeddable":true,"href":"https:\/\/zl.jewelry\/pl\/wp-json\/wp\/v2\/media\/43287"}],"wp:attachment":[{"href":"https:\/\/zl.jewelry\/pl\/wp-json\/wp\/v2\/media?parent=43286"}],"wp:term":[{"taxonomy":"product_brand","embeddable":true,"href":"https:\/\/zl.jewelry\/pl\/wp-json\/wp\/v2\/product_brand?post=43286"},{"taxonomy":"product_cat","embeddable":true,"href":"https:\/\/zl.jewelry\/pl\/wp-json\/wp\/v2\/product_cat?post=43286"},{"taxonomy":"product_tag","embeddable":true,"href":"https:\/\/zl.jewelry\/pl\/wp-json\/wp\/v2\/product_tag?post=43286"}],"curies":[{"name":"wp","href":"https:\/\/api.w.org\/{rel}","templated":true}]}}