{"id":43270,"date":"2025-06-18T11:01:58","date_gmt":"2025-06-18T11:01:58","guid":{"rendered":"https:\/\/zl.jewelry\/product\/anchor-chain-wolves\/"},"modified":"2026-02-04T09:00:36","modified_gmt":"2026-02-04T09:00:36","slug":"anchor-chain-wolves","status":"publish","type":"product","link":"https:\/\/zl.jewelry\/pl\/product\/anchor-chain-wolves\/","title":{"rendered":"\u0141a\u0144cuszek z kotwic\u0105 &#8222;Wilki&#8221;"},"content":{"rendered":"<p>\u0141a\u0144cuch w kolorze czerwonego z\u0142ota 585*, splot kotwica. Zapi\u0119cie stanowi karabi\u0144czyk. Wk\u0142adki wilcze\u00a0pokryte niello. Waga produktu mo\u017ce si\u0119 r\u00f3\u017cni\u0107 w zale\u017cno\u015bci od d\u0142ugo\u015bci.<\/p>\n<p>_x000D_<\/p>\n","protected":false},"excerpt":{"rendered":"<p>\u0141a\u0144cuch w kolorze czerwonego z\u0142ota 585*, splot kotwica. Zapi\u0119cie stanowi karabi\u0144czyk. Wk\u0142adki wilcze\u00a0pokryte niello. Waga produktu mo\u017ce si\u0119 r\u00f3\u017cni\u0107 w zale\u017cno\u015bci od d\u0142ugo\u015bci. _x000D_<\/p>\n","protected":false},"featured_media":43271,"template":"","meta":{"_acf_changed":false},"product_brand":[],"product_cat":[490,495,493,494],"product_tag":[],"class_list":{"0":"post-43270","1":"product","2":"type-product","3":"status-publish","4":"has-post-thumbnail","6":"product_cat-gold-chains","7":"product_cat-gold-chains-up-to-50-gr-pl","8":"product_cat-mens-chains-pl","9":"product_cat-womens-chains-pl","11":"first","12":"instock","13":"product-type-simple"},"acf":[],"_links":{"self":[{"href":"https:\/\/zl.jewelry\/pl\/wp-json\/wp\/v2\/product\/43270","targetHints":{"allow":["GET"]}}],"collection":[{"href":"https:\/\/zl.jewelry\/pl\/wp-json\/wp\/v2\/product"}],"about":[{"href":"https:\/\/zl.jewelry\/pl\/wp-json\/wp\/v2\/types\/product"}],"wp:featuredmedia":[{"embeddable":true,"href":"https:\/\/zl.jewelry\/pl\/wp-json\/wp\/v2\/media\/43271"}],"wp:attachment":[{"href":"https:\/\/zl.jewelry\/pl\/wp-json\/wp\/v2\/media?parent=43270"}],"wp:term":[{"taxonomy":"product_brand","embeddable":true,"href":"https:\/\/zl.jewelry\/pl\/wp-json\/wp\/v2\/product_brand?post=43270"},{"taxonomy":"product_cat","embeddable":true,"href":"https:\/\/zl.jewelry\/pl\/wp-json\/wp\/v2\/product_cat?post=43270"},{"taxonomy":"product_tag","embeddable":true,"href":"https:\/\/zl.jewelry\/pl\/wp-json\/wp\/v2\/product_tag?post=43270"}],"curies":[{"name":"wp","href":"https:\/\/api.w.org\/{rel}","templated":true}]}}