{"id":43266,"date":"2025-06-18T11:01:58","date_gmt":"2025-06-18T11:01:58","guid":{"rendered":"https:\/\/zl.jewelry\/product\/large-icon-with-nicholas-the-wonderworker-on-a-black-stone\/"},"modified":"2026-02-04T08:48:07","modified_gmt":"2026-02-04T08:48:07","slug":"large-icon-with-nicholas-the-wonderworker-on-a-black-stone","status":"publish","type":"product","link":"https:\/\/zl.jewelry\/pl\/product\/large-icon-with-nicholas-the-wonderworker-on-a-black-stone\/","title":{"rendered":"Du\u017ca ikona z Miko\u0142ajem Cudotw\u00f3rc\u0105 na czarnym kamieniu"},"content":{"rendered":"","protected":false},"excerpt":{"rendered":"","protected":false},"featured_media":43267,"template":"","meta":{"_acf_changed":false},"product_brand":[],"product_cat":[500],"product_tag":[],"class_list":{"0":"post-43266","1":"product","2":"type-product","3":"status-publish","4":"has-post-thumbnail","6":"product_cat-golden-icons-pl","8":"first","9":"instock","10":"product-type-simple"},"acf":[],"_links":{"self":[{"href":"https:\/\/zl.jewelry\/pl\/wp-json\/wp\/v2\/product\/43266","targetHints":{"allow":["GET"]}}],"collection":[{"href":"https:\/\/zl.jewelry\/pl\/wp-json\/wp\/v2\/product"}],"about":[{"href":"https:\/\/zl.jewelry\/pl\/wp-json\/wp\/v2\/types\/product"}],"wp:featuredmedia":[{"embeddable":true,"href":"https:\/\/zl.jewelry\/pl\/wp-json\/wp\/v2\/media\/43267"}],"wp:attachment":[{"href":"https:\/\/zl.jewelry\/pl\/wp-json\/wp\/v2\/media?parent=43266"}],"wp:term":[{"taxonomy":"product_brand","embeddable":true,"href":"https:\/\/zl.jewelry\/pl\/wp-json\/wp\/v2\/product_brand?post=43266"},{"taxonomy":"product_cat","embeddable":true,"href":"https:\/\/zl.jewelry\/pl\/wp-json\/wp\/v2\/product_cat?post=43266"},{"taxonomy":"product_tag","embeddable":true,"href":"https:\/\/zl.jewelry\/pl\/wp-json\/wp\/v2\/product_tag?post=43266"}],"curies":[{"name":"wp","href":"https:\/\/api.w.org\/{rel}","templated":true}]}}