{"id":43262,"date":"2025-06-18T11:01:58","date_gmt":"2025-06-18T11:01:58","guid":{"rendered":"https:\/\/zl.jewelry\/product\/bracelet-key-from-the-heart\/"},"modified":"2026-02-04T08:38:02","modified_gmt":"2026-02-04T08:38:02","slug":"bracelet-key-from-the-heart","status":"publish","type":"product","link":"https:\/\/zl.jewelry\/pl\/product\/bracelet-key-from-the-heart\/","title":{"rendered":"Bransoletka &#8222;Klucz Serca&#8221;"},"content":{"rendered":"<p>Bransoletka z czerwonego z\u0142ota pr\u00f3by 585*, o wadze 15,19. Na \u0142a\u0144cuszku kotwicy zawieszki serce i kluczyk. Zapi\u0119cie na karabi\u0144czyk.<\/p>\n","protected":false},"excerpt":{"rendered":"<p>Bransoletka z czerwonego z\u0142ota pr\u00f3by 585*, o wadze 15,19. Na \u0142a\u0144cuszku kotwicy zawieszki serce i kluczyk. Zapi\u0119cie na karabi\u0144czyk.<\/p>\n","protected":false},"featured_media":43263,"template":"","meta":{"_acf_changed":false},"product_brand":[],"product_cat":[557,560],"product_tag":[],"class_list":{"0":"post-43262","1":"product","2":"type-product","3":"status-publish","4":"has-post-thumbnail","6":"product_cat-bracelets-pl","7":"product_cat-gold-bracelets-up-to-30-gr-pl","9":"first","10":"instock","11":"product-type-simple"},"acf":[],"_links":{"self":[{"href":"https:\/\/zl.jewelry\/pl\/wp-json\/wp\/v2\/product\/43262","targetHints":{"allow":["GET"]}}],"collection":[{"href":"https:\/\/zl.jewelry\/pl\/wp-json\/wp\/v2\/product"}],"about":[{"href":"https:\/\/zl.jewelry\/pl\/wp-json\/wp\/v2\/types\/product"}],"wp:featuredmedia":[{"embeddable":true,"href":"https:\/\/zl.jewelry\/pl\/wp-json\/wp\/v2\/media\/43263"}],"wp:attachment":[{"href":"https:\/\/zl.jewelry\/pl\/wp-json\/wp\/v2\/media?parent=43262"}],"wp:term":[{"taxonomy":"product_brand","embeddable":true,"href":"https:\/\/zl.jewelry\/pl\/wp-json\/wp\/v2\/product_brand?post=43262"},{"taxonomy":"product_cat","embeddable":true,"href":"https:\/\/zl.jewelry\/pl\/wp-json\/wp\/v2\/product_cat?post=43262"},{"taxonomy":"product_tag","embeddable":true,"href":"https:\/\/zl.jewelry\/pl\/wp-json\/wp\/v2\/product_tag?post=43262"}],"curies":[{"name":"wp","href":"https:\/\/api.w.org\/{rel}","templated":true}]}}