{"id":43244,"date":"2025-06-18T11:02:04","date_gmt":"2025-06-18T11:02:04","guid":{"rendered":"https:\/\/zl.jewelry\/product\/openwork-cross-with-srucifix\/"},"modified":"2026-02-03T16:37:53","modified_gmt":"2026-02-03T16:37:53","slug":"openwork-cross-with-srucifix","status":"publish","type":"product","link":"https:\/\/zl.jewelry\/pl\/product\/openwork-cross-with-srucifix\/","title":{"rendered":"A\u017curowy krzy\u017c z Ukrzy\u017cowaniem"},"content":{"rendered":"","protected":false},"excerpt":{"rendered":"","protected":false},"featured_media":43245,"template":"","meta":{"_acf_changed":false},"product_brand":[],"product_cat":[504,505,508,513],"product_tag":[],"class_list":{"0":"post-43244","1":"product","2":"type-product","3":"status-publish","4":"has-post-thumbnail","6":"product_cat-golden-crosses-pl","7":"product_cat-crosses-for-children-pl","8":"product_cat-for-baptism-pl","9":"product_cat-womens-crosses-pl","11":"first","12":"instock","13":"product-type-simple"},"acf":[],"_links":{"self":[{"href":"https:\/\/zl.jewelry\/pl\/wp-json\/wp\/v2\/product\/43244","targetHints":{"allow":["GET"]}}],"collection":[{"href":"https:\/\/zl.jewelry\/pl\/wp-json\/wp\/v2\/product"}],"about":[{"href":"https:\/\/zl.jewelry\/pl\/wp-json\/wp\/v2\/types\/product"}],"wp:featuredmedia":[{"embeddable":true,"href":"https:\/\/zl.jewelry\/pl\/wp-json\/wp\/v2\/media\/43245"}],"wp:attachment":[{"href":"https:\/\/zl.jewelry\/pl\/wp-json\/wp\/v2\/media?parent=43244"}],"wp:term":[{"taxonomy":"product_brand","embeddable":true,"href":"https:\/\/zl.jewelry\/pl\/wp-json\/wp\/v2\/product_brand?post=43244"},{"taxonomy":"product_cat","embeddable":true,"href":"https:\/\/zl.jewelry\/pl\/wp-json\/wp\/v2\/product_cat?post=43244"},{"taxonomy":"product_tag","embeddable":true,"href":"https:\/\/zl.jewelry\/pl\/wp-json\/wp\/v2\/product_tag?post=43244"}],"curies":[{"name":"wp","href":"https:\/\/api.w.org\/{rel}","templated":true}]}}