{"id":43236,"date":"2025-06-18T11:02:04","date_gmt":"2025-06-18T11:02:04","guid":{"rendered":"https:\/\/zl.jewelry\/product\/earrings-waterfall-with-stone\/"},"modified":"2026-02-03T16:20:19","modified_gmt":"2026-02-03T16:20:19","slug":"earrings-waterfall-with-stone","status":"publish","type":"product","link":"https:\/\/zl.jewelry\/pl\/product\/earrings-waterfall-with-stone\/","title":{"rendered":"Kolczyki &#8222;Wodospad&#8221; z kamieniem"},"content":{"rendered":"<p><span style=\"background-color: #ffffff; color: #1d2129; font-family: segoe ui historic,segoe ui,helvetica,arial,sans-serif; font-size: 14px;\">Kolczyki wisz\u0105ce z \u0142a\u0144cuszkami to lekka bi\u017cuteria, kt\u00f3ra podkre\u015bli nienaganny gust osoby nosz\u0105cej. Cienkie z\u0142ote \u0142a\u0144cuszki nadadz\u0105 ka\u017cdej stylizacji zwiewnej lekko\u015bci.<\/span><br \/>\n<span style=\"background-color: #ffffff; color: #1d2129; font-family: segoe ui historic,segoe ui,helvetica,arial,sans-serif; font-size: 14px;\">Z\u0142ote kolczyki wisz\u0105ce z angielskim zamkiem, b\u0119d\u0105 \u015bwietnym dodatkiem do oryginalnej casualowej stylizacji.<\/span><\/p>\n","protected":false},"excerpt":{"rendered":"<p>Kolczyki wisz\u0105ce z \u0142a\u0144cuszkami to lekka bi\u017cuteria, kt\u00f3ra podkre\u015bli nienaganny gust osoby nosz\u0105cej. Cienkie z\u0142ote \u0142a\u0144cuszki nadadz\u0105 ka\u017cdej stylizacji zwiewnej lekko\u015bci. Z\u0142ote kolczyki wisz\u0105ce z angielskim zamkiem, b\u0119d\u0105 \u015bwietnym dodatkiem do oryginalnej casualowej stylizacji.<\/p>\n","protected":false},"featured_media":43237,"template":"","meta":{"_acf_changed":false},"product_brand":[],"product_cat":[538,542,545,546,548,550],"product_tag":[],"class_list":{"0":"post-43236","1":"product","2":"type-product","3":"status-publish","4":"has-post-thumbnail","6":"product_cat-gold-earrings-pl","7":"product_cat-drop-earrings-pl","8":"product_cat-earrings-up-to-5g-pl","9":"product_cat-earrings-with-diamonds-pl","10":"product_cat-earrings-with-stones-pl","11":"product_cat-with-cubic-zirkonia-pl","13":"first","14":"instock","15":"product-type-simple"},"acf":[],"_links":{"self":[{"href":"https:\/\/zl.jewelry\/pl\/wp-json\/wp\/v2\/product\/43236","targetHints":{"allow":["GET"]}}],"collection":[{"href":"https:\/\/zl.jewelry\/pl\/wp-json\/wp\/v2\/product"}],"about":[{"href":"https:\/\/zl.jewelry\/pl\/wp-json\/wp\/v2\/types\/product"}],"wp:featuredmedia":[{"embeddable":true,"href":"https:\/\/zl.jewelry\/pl\/wp-json\/wp\/v2\/media\/43237"}],"wp:attachment":[{"href":"https:\/\/zl.jewelry\/pl\/wp-json\/wp\/v2\/media?parent=43236"}],"wp:term":[{"taxonomy":"product_brand","embeddable":true,"href":"https:\/\/zl.jewelry\/pl\/wp-json\/wp\/v2\/product_brand?post=43236"},{"taxonomy":"product_cat","embeddable":true,"href":"https:\/\/zl.jewelry\/pl\/wp-json\/wp\/v2\/product_cat?post=43236"},{"taxonomy":"product_tag","embeddable":true,"href":"https:\/\/zl.jewelry\/pl\/wp-json\/wp\/v2\/product_tag?post=43236"}],"curies":[{"name":"wp","href":"https:\/\/api.w.org\/{rel}","templated":true}]}}