{"id":43234,"date":"2025-06-18T11:02:04","date_gmt":"2025-06-18T11:02:04","guid":{"rendered":"https:\/\/zl.jewelry\/product\/chain-arabic-bismarck-with-stones\/"},"modified":"2026-02-03T16:16:40","modified_gmt":"2026-02-03T16:16:40","slug":"chain-arabic-bismarck-with-stones","status":"publish","type":"product","link":"https:\/\/zl.jewelry\/pl\/product\/chain-arabic-bismarck-with-stones\/","title":{"rendered":"\u0141a\u0144cuszek &#8222;Arabic Bismarck&#8221; kamieniami"},"content":{"rendered":"<section class=\"l-section wpb_row height_small\"><div class=\"l-section-h i-cf\"><div class=\"g-cols vc_row via_flex valign_top type_default stacking_default\"><div class=\"vc_col-sm-12 wpb_column vc_column_container\"><div class=\"vc_column-inner\"><div class=\"wpb_wrapper\"><div class=\"wpb_text_column\"><div class=\"wpb_wrapper\"><p>\u0141a\u0144cuszek to najbardziej uniwersalny i funkcjonalny produkt, kt\u00f3ry dzi\u0119ki umiej\u0119tno\u015bciom specjalist\u00f3w staje si\u0119 pe\u0142noprawnym elementem bi\u017cuterii. Mo\u017ce by\u0107 noszony jako samodzielny dodatek, jak r\u00f3wnie\u017c uzupe\u0142niony wisiorkiem, zawieszk\u0105 lub krzy\u017cykiem. Poniewa\u017c \u0142a\u0144cuszek jest bi\u017cuteri\u0105 noszon\u0105 przez ca\u0142y czas, wa\u017cne jest, aby by\u0142 wygodny, jest uniwersalnym prezentem, przy zakupie kt\u00f3rego nie trzeba zna\u0107 dok\u0142adnego rozmiaru (jak w przypadku pier\u015bcionka), specjalnych preferencji projektowych lub innych cech.<\/p>\n<\/div><\/div><\/div><\/div><\/div><\/div><\/div><\/section>\n","protected":false},"excerpt":{"rendered":"\u0141a\u0144cuszek to najbardziej uniwersalny i funkcjonalny produkt, kt\u00f3ry dzi\u0119ki umiej\u0119tno\u015bciom specjalist\u00f3w staje si\u0119 pe\u0142noprawnym elementem bi\u017cuterii. Mo\u017ce by\u0107 noszony jako samodzielny dodatek, jak r\u00f3wnie\u017c uzupe\u0142niony wisiorkiem, zawieszk\u0105 lub krzy\u017cykiem. Poniewa\u017c \u0142a\u0144cuszek jest bi\u017cuteri\u0105 noszon\u0105 przez ca\u0142y czas, wa\u017cne jest, aby by\u0142 wygodny, jest uniwersalnym prezentem, przy zakupie kt\u00f3rego nie trzeba zna\u0107 dok\u0142adnego rozmiaru (jak w...","protected":false},"featured_media":43235,"template":"","meta":{"_acf_changed":false},"product_brand":[],"product_cat":[490,495,494],"product_tag":[],"class_list":{"0":"post-43234","1":"product","2":"type-product","3":"status-publish","4":"has-post-thumbnail","6":"product_cat-gold-chains","7":"product_cat-gold-chains-up-to-50-gr-pl","8":"product_cat-womens-chains-pl","10":"first","11":"instock","12":"product-type-simple"},"acf":[],"_links":{"self":[{"href":"https:\/\/zl.jewelry\/pl\/wp-json\/wp\/v2\/product\/43234","targetHints":{"allow":["GET"]}}],"collection":[{"href":"https:\/\/zl.jewelry\/pl\/wp-json\/wp\/v2\/product"}],"about":[{"href":"https:\/\/zl.jewelry\/pl\/wp-json\/wp\/v2\/types\/product"}],"wp:featuredmedia":[{"embeddable":true,"href":"https:\/\/zl.jewelry\/pl\/wp-json\/wp\/v2\/media\/43235"}],"wp:attachment":[{"href":"https:\/\/zl.jewelry\/pl\/wp-json\/wp\/v2\/media?parent=43234"}],"wp:term":[{"taxonomy":"product_brand","embeddable":true,"href":"https:\/\/zl.jewelry\/pl\/wp-json\/wp\/v2\/product_brand?post=43234"},{"taxonomy":"product_cat","embeddable":true,"href":"https:\/\/zl.jewelry\/pl\/wp-json\/wp\/v2\/product_cat?post=43234"},{"taxonomy":"product_tag","embeddable":true,"href":"https:\/\/zl.jewelry\/pl\/wp-json\/wp\/v2\/product_tag?post=43234"}],"curies":[{"name":"wp","href":"https:\/\/api.w.org\/{rel}","templated":true}]}}