{"id":43216,"date":"2025-06-18T11:02:04","date_gmt":"2025-06-18T11:02:04","guid":{"rendered":"https:\/\/zl.jewelry\/product\/bracelet-boy-initials\/"},"modified":"2026-02-03T15:23:21","modified_gmt":"2026-02-03T15:23:21","slug":"bracelet-boy-initials","status":"publish","type":"product","link":"https:\/\/zl.jewelry\/pl\/product\/bracelet-boy-initials\/","title":{"rendered":"Bransoletka &#8222;Ch\u0142opiec + inicja\u0142y&#8221;"},"content":{"rendered":"<p>Materia\u0142 &#8211; nylonowa ni\u0107 3 mm<\/p>\n","protected":false},"excerpt":{"rendered":"<p>Materia\u0142 &#8211; nylonowa ni\u0107 3 mm<\/p>\n","protected":false},"featured_media":43217,"template":"","meta":{"_acf_changed":false},"product_brand":[],"product_cat":[557,560,562],"product_tag":[],"class_list":{"0":"post-43216","1":"product","2":"type-product","3":"status-publish","4":"has-post-thumbnail","6":"product_cat-bracelets-pl","7":"product_cat-gold-bracelets-up-to-30-gr-pl","8":"product_cat-silk-bracelets-with-gold-inserts-pl","10":"first","11":"instock","12":"product-type-simple"},"acf":[],"_links":{"self":[{"href":"https:\/\/zl.jewelry\/pl\/wp-json\/wp\/v2\/product\/43216","targetHints":{"allow":["GET"]}}],"collection":[{"href":"https:\/\/zl.jewelry\/pl\/wp-json\/wp\/v2\/product"}],"about":[{"href":"https:\/\/zl.jewelry\/pl\/wp-json\/wp\/v2\/types\/product"}],"wp:featuredmedia":[{"embeddable":true,"href":"https:\/\/zl.jewelry\/pl\/wp-json\/wp\/v2\/media\/43217"}],"wp:attachment":[{"href":"https:\/\/zl.jewelry\/pl\/wp-json\/wp\/v2\/media?parent=43216"}],"wp:term":[{"taxonomy":"product_brand","embeddable":true,"href":"https:\/\/zl.jewelry\/pl\/wp-json\/wp\/v2\/product_brand?post=43216"},{"taxonomy":"product_cat","embeddable":true,"href":"https:\/\/zl.jewelry\/pl\/wp-json\/wp\/v2\/product_cat?post=43216"},{"taxonomy":"product_tag","embeddable":true,"href":"https:\/\/zl.jewelry\/pl\/wp-json\/wp\/v2\/product_tag?post=43216"}],"curies":[{"name":"wp","href":"https:\/\/api.w.org\/{rel}","templated":true}]}}