{"id":43204,"date":"2025-06-18T11:02:10","date_gmt":"2025-06-18T11:02:10","guid":{"rendered":"https:\/\/zl.jewelry\/product\/screws-mickey\/"},"modified":"2026-02-03T14:49:44","modified_gmt":"2026-02-03T14:49:44","slug":"screws-mickey","status":"publish","type":"product","link":"https:\/\/zl.jewelry\/pl\/product\/screws-mickey\/","title":{"rendered":"Poussettes &#8222;Mickey&#8221;"},"content":{"rendered":"<section class=\"l-section wpb_row height_small\"><div class=\"l-section-h i-cf\"><div class=\"g-cols vc_row via_flex valign_top type_default stacking_default\"><div class=\"vc_col-sm-12 wpb_column vc_column_container\"><div class=\"vc_column-inner\"><div class=\"wpb_wrapper\"><div class=\"wpb_text_column\"><div class=\"wpb_wrapper\"><p>Kolczyki wkr\u0119tki z bia\u0142ego z\u0142ota, z nak\u0142adk\u0105 z czerwonego z\u0142ota, waga 1,41g. Wstawki z kamieni o \u015brednicy 1mm (14szt). Istnieje mo\u017cliwo\u015b\u0107 osadzenia dowolnych kamieni na \u017cyczenie klienta. Rodowana baza z bia\u0142ego z\u0142ota.<\/p>\n<\/div><\/div><\/div><\/div><\/div><\/div><\/div><\/section>\n","protected":false},"excerpt":{"rendered":"Kolczyki wkr\u0119tki z bia\u0142ego z\u0142ota, z nak\u0142adk\u0105 z czerwonego z\u0142ota, waga 1,41g. Wstawki z kamieni o \u015brednicy 1mm (14szt). Istnieje mo\u017cliwo\u015b\u0107 osadzenia dowolnych kamieni na \u017cyczenie klienta. Rodowana baza z bia\u0142ego z\u0142ota.","protected":false},"featured_media":43205,"template":"","meta":{"_acf_changed":false},"product_brand":[],"product_cat":[538,539,545,546,548,547,549],"product_tag":[],"class_list":{"0":"post-43204","1":"product","2":"type-product","3":"status-publish","4":"has-post-thumbnail","6":"product_cat-gold-earrings-pl","7":"product_cat-baby-pl","8":"product_cat-earrings-up-to-5g-pl","9":"product_cat-earrings-with-diamonds-pl","10":"product_cat-earrings-with-stones-pl","11":"product_cat-earrings-without-inserts-pl","12":"product_cat-studs-pl","14":"first","15":"instock","16":"product-type-simple"},"acf":[],"_links":{"self":[{"href":"https:\/\/zl.jewelry\/pl\/wp-json\/wp\/v2\/product\/43204","targetHints":{"allow":["GET"]}}],"collection":[{"href":"https:\/\/zl.jewelry\/pl\/wp-json\/wp\/v2\/product"}],"about":[{"href":"https:\/\/zl.jewelry\/pl\/wp-json\/wp\/v2\/types\/product"}],"wp:featuredmedia":[{"embeddable":true,"href":"https:\/\/zl.jewelry\/pl\/wp-json\/wp\/v2\/media\/43205"}],"wp:attachment":[{"href":"https:\/\/zl.jewelry\/pl\/wp-json\/wp\/v2\/media?parent=43204"}],"wp:term":[{"taxonomy":"product_brand","embeddable":true,"href":"https:\/\/zl.jewelry\/pl\/wp-json\/wp\/v2\/product_brand?post=43204"},{"taxonomy":"product_cat","embeddable":true,"href":"https:\/\/zl.jewelry\/pl\/wp-json\/wp\/v2\/product_cat?post=43204"},{"taxonomy":"product_tag","embeddable":true,"href":"https:\/\/zl.jewelry\/pl\/wp-json\/wp\/v2\/product_tag?post=43204"}],"curies":[{"name":"wp","href":"https:\/\/api.w.org\/{rel}","templated":true}]}}