{"id":43196,"date":"2025-06-18T11:02:10","date_gmt":"2025-06-18T11:02:10","guid":{"rendered":"https:\/\/zl.jewelry\/product\/wedding-ring-delicate-edges-with-a-smooth-surface\/"},"modified":"2026-02-03T14:35:15","modified_gmt":"2026-02-03T14:35:15","slug":"wedding-ring-delicate-edges-with-a-smooth-surface","status":"publish","type":"product","link":"https:\/\/zl.jewelry\/pl\/product\/wedding-ring-delicate-edges-with-a-smooth-surface\/","title":{"rendered":"Obr\u0105czka &#8222;Tender Facets&#8221; o g\u0142adkiej powierzchni"},"content":{"rendered":"<section class=\"l-section wpb_row height_small\"><div class=\"l-section-h i-cf\"><div class=\"g-cols vc_row via_flex valign_top type_default stacking_default\"><div class=\"vc_col-sm-12 wpb_column vc_column_container\"><div class=\"vc_column-inner\"><div class=\"wpb_wrapper\"><div class=\"wpb_text_column\"><div class=\"wpb_wrapper\"><p>Opaski \u015blubne s\u0105 w kolorze cytrynowego z\u0142ota. Waga r\u00f3\u017cni si\u0119 w zale\u017cno\u015bci od rozmiaru. Obr\u0105czka damska jest g\u0142adka, m\u0119ska matowa. Szeroko\u015b\u0107 obr\u0105czek od 3mm.<\/p>\n<\/div><\/div><\/div><\/div><\/div><\/div><\/div><\/section>\n","protected":false},"excerpt":{"rendered":"Opaski \u015blubne s\u0105 w kolorze cytrynowego z\u0142ota. Waga r\u00f3\u017cni si\u0119 w zale\u017cno\u015bci od rozmiaru. Obr\u0105czka damska jest g\u0142adka, m\u0119ska matowa. Szeroko\u015b\u0107 obr\u0105czek od 3mm.","protected":false},"featured_media":43197,"template":"","meta":{"_acf_changed":false},"product_brand":[],"product_cat":[528,532],"product_tag":[],"class_list":{"0":"post-43196","1":"product","2":"type-product","3":"status-publish","4":"has-post-thumbnail","6":"product_cat-wedding-rings-pl","7":"product_cat-lemon-gold-wedding-rings-pl","9":"first","10":"instock","11":"product-type-simple"},"acf":[],"_links":{"self":[{"href":"https:\/\/zl.jewelry\/pl\/wp-json\/wp\/v2\/product\/43196","targetHints":{"allow":["GET"]}}],"collection":[{"href":"https:\/\/zl.jewelry\/pl\/wp-json\/wp\/v2\/product"}],"about":[{"href":"https:\/\/zl.jewelry\/pl\/wp-json\/wp\/v2\/types\/product"}],"wp:featuredmedia":[{"embeddable":true,"href":"https:\/\/zl.jewelry\/pl\/wp-json\/wp\/v2\/media\/43197"}],"wp:attachment":[{"href":"https:\/\/zl.jewelry\/pl\/wp-json\/wp\/v2\/media?parent=43196"}],"wp:term":[{"taxonomy":"product_brand","embeddable":true,"href":"https:\/\/zl.jewelry\/pl\/wp-json\/wp\/v2\/product_brand?post=43196"},{"taxonomy":"product_cat","embeddable":true,"href":"https:\/\/zl.jewelry\/pl\/wp-json\/wp\/v2\/product_cat?post=43196"},{"taxonomy":"product_tag","embeddable":true,"href":"https:\/\/zl.jewelry\/pl\/wp-json\/wp\/v2\/product_tag?post=43196"}],"curies":[{"name":"wp","href":"https:\/\/api.w.org\/{rel}","templated":true}]}}