{"id":43186,"date":"2025-06-18T11:02:10","date_gmt":"2025-06-18T11:02:10","guid":{"rendered":"https:\/\/zl.jewelry\/product\/bracelet-arabic-bismarck-with-stones\/"},"modified":"2025-09-26T18:32:45","modified_gmt":"2025-09-26T18:32:45","slug":"bracelet-arabic-bismarck-with-stones","status":"publish","type":"product","link":"https:\/\/zl.jewelry\/pl\/product\/bracelet-arabic-bismarck-with-stones\/","title":{"rendered":"Bransoletka \u201eArabski Bismarck\u201d z kamieniami"},"content":{"rendered":"<p><span style=\"background-color:rgb(255, 255, 255); color:rgb(29, 33, 41); font-family:segoe ui historic,segoe ui,helvetica,arial,sans-serif; font-size:14px\">Du\u017cy wyb\u00f3r z\u0142otych bransoletek ze wstawkami z kamieni szlachetnych i p\u00f3\u0142szlachetnych pozwala doda\u0107 wyko\u0144czenie do ka\u017cdego obrazu. Rozproszenie fianit\u00f3w korzystnie podkre\u015bli pi\u0119kno szczup\u0142ego kobiecego nadgarstka, przyci\u0105gaj\u0105c uwag\u0119 i podziwiaj\u0105c spojrzenia innych.<\/span><\/p>\n<p><span style=\"background-color:rgb(255, 255, 255); color:rgb(29, 33, 41); font-family:segoe ui historic,segoe ui,helvetica,arial,sans-serif; font-size:14px\">Masywne bransoletki wygl\u0105daj\u0105 luksusowo i atrakcyjnie w po\u0142\u0105czeniu ze strojem wieczorowym, a eleganckie modele uzupe\u0142niaj\u0105 styl biznesowy lub casualowy. Obramowane z\u0142otymi ogniwami bransoletki, przezroczyste wstawki wygl\u0105daj\u0105 arystokratycznie i szlachetnie, tworz\u0105c harmonijny zestaw z metalem szlachetnym.&nbsp;<\/span><\/p>\n","protected":false},"excerpt":{"rendered":"<p>Du\u017cy wyb\u00f3r z\u0142otych bransoletek ze wstawkami z kamieni szlachetnych i p\u00f3\u0142szlachetnych pozwala doda\u0107 wyko\u0144czenie do ka\u017cdego obrazu. Rozproszenie fianit\u00f3w korzystnie podkre\u015bli pi\u0119kno szczup\u0142ego kobiecego nadgarstka, przyci\u0105gaj\u0105c uwag\u0119 i podziwiaj\u0105c spojrzenia innych. Masywne bransoletki wygl\u0105daj\u0105 luksusowo i atrakcyjnie w po\u0142\u0105czeniu ze strojem wieczorowym, a eleganckie modele uzupe\u0142niaj\u0105 styl biznesowy lub casualowy. Obramowane z\u0142otymi ogniwami bransoletki, przezroczyste&#8230;<\/p>\n","protected":false},"featured_media":43187,"template":"","meta":{"_acf_changed":false},"product_brand":[],"product_cat":[557,560],"product_tag":[],"class_list":{"0":"post-43186","1":"product","2":"type-product","3":"status-publish","4":"has-post-thumbnail","6":"product_cat-bracelets-pl","7":"product_cat-gold-bracelets-up-to-30-gr-pl","9":"first","10":"instock","11":"product-type-simple"},"acf":[],"_links":{"self":[{"href":"https:\/\/zl.jewelry\/pl\/wp-json\/wp\/v2\/product\/43186","targetHints":{"allow":["GET"]}}],"collection":[{"href":"https:\/\/zl.jewelry\/pl\/wp-json\/wp\/v2\/product"}],"about":[{"href":"https:\/\/zl.jewelry\/pl\/wp-json\/wp\/v2\/types\/product"}],"wp:featuredmedia":[{"embeddable":true,"href":"https:\/\/zl.jewelry\/pl\/wp-json\/wp\/v2\/media\/43187"}],"wp:attachment":[{"href":"https:\/\/zl.jewelry\/pl\/wp-json\/wp\/v2\/media?parent=43186"}],"wp:term":[{"taxonomy":"product_brand","embeddable":true,"href":"https:\/\/zl.jewelry\/pl\/wp-json\/wp\/v2\/product_brand?post=43186"},{"taxonomy":"product_cat","embeddable":true,"href":"https:\/\/zl.jewelry\/pl\/wp-json\/wp\/v2\/product_cat?post=43186"},{"taxonomy":"product_tag","embeddable":true,"href":"https:\/\/zl.jewelry\/pl\/wp-json\/wp\/v2\/product_tag?post=43186"}],"curies":[{"name":"wp","href":"https:\/\/api.w.org\/{rel}","templated":true}]}}