{"id":43182,"date":"2025-06-18T11:02:10","date_gmt":"2025-06-18T11:02:10","guid":{"rendered":"https:\/\/zl.jewelry\/product\/bracelet-butterfly-with-topazes\/"},"modified":"2026-02-03T13:36:58","modified_gmt":"2026-02-03T13:36:58","slug":"bracelet-butterfly-with-topazes","status":"publish","type":"product","link":"https:\/\/zl.jewelry\/pl\/product\/bracelet-butterfly-with-topazes\/","title":{"rendered":"Bransoletka &#8222;Motyl&#8221; z topazami"},"content":{"rendered":"<p><span style=\"font-family: georgia,serif;\"><span style=\"background-color: #ffffff; color: #1d2129; font-size: 14px;\">Niesamowitej urody kobieca bransoletka w kolorze morskich fal oczarowuje i zakochuje od pierwszego wejrzenia&#8230;<\/span><br \/>\n<span style=\"background-color: rgb(255, 255, 255, 255); color: #1d2129; font-size: 14px;\">Wisiorek ze z\u0142ota, wykonany w formie motyla, doda Twojemu wizeplnkowi wi\u0119cej uroku i delikatno\u015bci. Eleganckie z\u0142ote wstawki motyla stan\u0105 si\u0119 ozdob\u0105 ka\u017cdego stroju i b\u0119d\u0105 przypomina\u0107 o ciep\u0142ych beztroskich letnich dniach.<\/span><\/span><\/p>\n<p><span style=\"font-family: georgia,serif;\">Materia\u0142 &#8211; nylonowa ni\u0107. Wk\u0142adki &#8211; topazy<\/span><\/p>\n","protected":false},"excerpt":{"rendered":"<p>Niesamowitej urody kobieca bransoletka w kolorze morskich fal oczarowuje i zakochuje od pierwszego wejrzenia&#8230; Wisiorek ze z\u0142ota, wykonany w formie motyla, doda Twojemu wizeplnkowi wi\u0119cej uroku i delikatno\u015bci. Eleganckie z\u0142ote wstawki motyla stan\u0105 si\u0119 ozdob\u0105 ka\u017cdego stroju i b\u0119d\u0105 przypomina\u0107 o ciep\u0142ych beztroskich letnich dniach. Materia\u0142 &#8211; nylonowa ni\u0107. Wk\u0142adki &#8211; topazy<\/p>\n","protected":false},"featured_media":43183,"template":"","meta":{"_acf_changed":false},"product_brand":[],"product_cat":[557,560,561],"product_tag":[],"class_list":{"0":"post-43182","1":"product","2":"type-product","3":"status-publish","4":"has-post-thumbnail","6":"product_cat-bracelets-pl","7":"product_cat-gold-bracelets-up-to-30-gr-pl","8":"product_cat-leather-bracelets-with-gold-inserts-pl","10":"first","11":"instock","12":"product-type-simple"},"acf":[],"_links":{"self":[{"href":"https:\/\/zl.jewelry\/pl\/wp-json\/wp\/v2\/product\/43182","targetHints":{"allow":["GET"]}}],"collection":[{"href":"https:\/\/zl.jewelry\/pl\/wp-json\/wp\/v2\/product"}],"about":[{"href":"https:\/\/zl.jewelry\/pl\/wp-json\/wp\/v2\/types\/product"}],"wp:featuredmedia":[{"embeddable":true,"href":"https:\/\/zl.jewelry\/pl\/wp-json\/wp\/v2\/media\/43183"}],"wp:attachment":[{"href":"https:\/\/zl.jewelry\/pl\/wp-json\/wp\/v2\/media?parent=43182"}],"wp:term":[{"taxonomy":"product_brand","embeddable":true,"href":"https:\/\/zl.jewelry\/pl\/wp-json\/wp\/v2\/product_brand?post=43182"},{"taxonomy":"product_cat","embeddable":true,"href":"https:\/\/zl.jewelry\/pl\/wp-json\/wp\/v2\/product_cat?post=43182"},{"taxonomy":"product_tag","embeddable":true,"href":"https:\/\/zl.jewelry\/pl\/wp-json\/wp\/v2\/product_tag?post=43182"}],"curies":[{"name":"wp","href":"https:\/\/api.w.org\/{rel}","templated":true}]}}