{"id":43174,"date":"2025-06-18T11:02:10","date_gmt":"2025-06-18T11:02:10","guid":{"rendered":"https:\/\/zl.jewelry\/product\/necklace-anniversary-with-pearls\/"},"modified":"2026-02-03T13:11:09","modified_gmt":"2026-02-03T13:11:09","slug":"necklace-anniversary-with-pearls","status":"publish","type":"product","link":"https:\/\/zl.jewelry\/pl\/product\/necklace-anniversary-with-pearls\/","title":{"rendered":"Kolia &#8222;Jubileusz&#8221; z per\u0142ami"},"content":{"rendered":"<p>Kolia wykonany z pere\u0142 i inkplstacji z zamka, w kolorze czerwonego z\u0142ota. Waga z\u0142ota 0,90 grama. Zapi\u0119cie to karabi\u0144czyk. \u015arednica pere\u0142 10mm.<\/p>\n","protected":false},"excerpt":{"rendered":"<p>Kolia wykonany z pere\u0142 i inkplstacji z zamka, w kolorze czerwonego z\u0142ota. Waga z\u0142ota 0,90 grama. Zapi\u0119cie to karabi\u0144czyk. \u015arednica pere\u0142 10mm.<\/p>\n","protected":false},"featured_media":43175,"template":"","meta":{"_acf_changed":false},"product_brand":[],"product_cat":[571,573],"product_tag":[],"class_list":{"0":"post-43174","1":"product","2":"type-product","3":"status-publish","4":"has-post-thumbnail","6":"product_cat-exclusive-necklaces-pl","7":"product_cat-without-inserts-3-pl","9":"first","10":"instock","11":"product-type-simple"},"acf":[],"_links":{"self":[{"href":"https:\/\/zl.jewelry\/pl\/wp-json\/wp\/v2\/product\/43174","targetHints":{"allow":["GET"]}}],"collection":[{"href":"https:\/\/zl.jewelry\/pl\/wp-json\/wp\/v2\/product"}],"about":[{"href":"https:\/\/zl.jewelry\/pl\/wp-json\/wp\/v2\/types\/product"}],"wp:featuredmedia":[{"embeddable":true,"href":"https:\/\/zl.jewelry\/pl\/wp-json\/wp\/v2\/media\/43175"}],"wp:attachment":[{"href":"https:\/\/zl.jewelry\/pl\/wp-json\/wp\/v2\/media?parent=43174"}],"wp:term":[{"taxonomy":"product_brand","embeddable":true,"href":"https:\/\/zl.jewelry\/pl\/wp-json\/wp\/v2\/product_brand?post=43174"},{"taxonomy":"product_cat","embeddable":true,"href":"https:\/\/zl.jewelry\/pl\/wp-json\/wp\/v2\/product_cat?post=43174"},{"taxonomy":"product_tag","embeddable":true,"href":"https:\/\/zl.jewelry\/pl\/wp-json\/wp\/v2\/product_tag?post=43174"}],"curies":[{"name":"wp","href":"https:\/\/api.w.org\/{rel}","templated":true}]}}