{"id":43157,"date":"2025-06-18T11:02:10","date_gmt":"2025-06-18T11:02:10","guid":{"rendered":"https:\/\/zl.jewelry\/product\/chain-bismarck-lock-box\/"},"modified":"2026-02-03T13:02:31","modified_gmt":"2026-02-03T13:02:31","slug":"chain-bismarck-lock-box","status":"publish","type":"product","link":"https:\/\/zl.jewelry\/pl\/product\/chain-bismarck-lock-box\/","title":{"rendered":"\u0141a\u0144cuszek &#8222;Bismarck&#8221; (skrzynka z zamkiem)"},"content":{"rendered":"<p>R\u0119cznie pleciony \u0142a\u0144cuszek &#8222;Bismarck&#8221; z czerwonego z\u0142ota. Waga jest proporcjonalna do d\u0142ugo\u015bci bi\u017cuterii. Zamek to pude\u0142ko o prostok\u0105tnym kszta\u0142cie z dwoma zamkami.<\/p>\n","protected":false},"excerpt":{"rendered":"<p>R\u0119cznie pleciony \u0142a\u0144cuszek &#8222;Bismarck&#8221; z czerwonego z\u0142ota. Waga jest proporcjonalna do d\u0142ugo\u015bci bi\u017cuterii. Zamek to pude\u0142ko o prostok\u0105tnym kszta\u0142cie z dwoma zamkami.<\/p>\n","protected":false},"featured_media":43158,"template":"","meta":{"_acf_changed":false},"product_brand":[],"product_cat":[493,494,490,495],"product_tag":[],"class_list":{"0":"post-43157","1":"product","2":"type-product","3":"status-publish","4":"has-post-thumbnail","6":"product_cat-mens-chains-pl","7":"product_cat-womens-chains-pl","8":"product_cat-gold-chains","9":"product_cat-gold-chains-up-to-50-gr-pl","11":"first","12":"instock","13":"purchasable","14":"product-type-variable"},"acf":[],"_links":{"self":[{"href":"https:\/\/zl.jewelry\/pl\/wp-json\/wp\/v2\/product\/43157","targetHints":{"allow":["GET"]}}],"collection":[{"href":"https:\/\/zl.jewelry\/pl\/wp-json\/wp\/v2\/product"}],"about":[{"href":"https:\/\/zl.jewelry\/pl\/wp-json\/wp\/v2\/types\/product"}],"wp:featuredmedia":[{"embeddable":true,"href":"https:\/\/zl.jewelry\/pl\/wp-json\/wp\/v2\/media\/43158"}],"wp:attachment":[{"href":"https:\/\/zl.jewelry\/pl\/wp-json\/wp\/v2\/media?parent=43157"}],"wp:term":[{"taxonomy":"product_brand","embeddable":true,"href":"https:\/\/zl.jewelry\/pl\/wp-json\/wp\/v2\/product_brand?post=43157"},{"taxonomy":"product_cat","embeddable":true,"href":"https:\/\/zl.jewelry\/pl\/wp-json\/wp\/v2\/product_cat?post=43157"},{"taxonomy":"product_tag","embeddable":true,"href":"https:\/\/zl.jewelry\/pl\/wp-json\/wp\/v2\/product_tag?post=43157"}],"curies":[{"name":"wp","href":"https:\/\/api.w.org\/{rel}","templated":true}]}}