{"id":43143,"date":"2025-06-18T11:02:15","date_gmt":"2025-06-18T11:02:15","guid":{"rendered":"https:\/\/zl.jewelry\/product\/velvet-choker-with-openwork-insert\/"},"modified":"2026-01-27T15:01:57","modified_gmt":"2026-01-27T15:01:57","slug":"velvet-choker-with-openwork-insert","status":"publish","type":"product","link":"https:\/\/zl.jewelry\/pl\/product\/velvet-choker-with-openwork-insert\/","title":{"rendered":"Aksamitny choker z a\u017curow\u0105 wstawk\u0105"},"content":{"rendered":"","protected":false},"excerpt":{"rendered":"","protected":false},"featured_media":43144,"template":"","meta":{"_acf_changed":false},"product_brand":[],"product_cat":[576],"product_tag":[],"class_list":{"0":"post-43143","1":"product","2":"type-product","3":"status-publish","4":"has-post-thumbnail","6":"product_cat-other-pl","8":"first","9":"instock","10":"product-type-simple"},"acf":[],"_links":{"self":[{"href":"https:\/\/zl.jewelry\/pl\/wp-json\/wp\/v2\/product\/43143","targetHints":{"allow":["GET"]}}],"collection":[{"href":"https:\/\/zl.jewelry\/pl\/wp-json\/wp\/v2\/product"}],"about":[{"href":"https:\/\/zl.jewelry\/pl\/wp-json\/wp\/v2\/types\/product"}],"wp:featuredmedia":[{"embeddable":true,"href":"https:\/\/zl.jewelry\/pl\/wp-json\/wp\/v2\/media\/43144"}],"wp:attachment":[{"href":"https:\/\/zl.jewelry\/pl\/wp-json\/wp\/v2\/media?parent=43143"}],"wp:term":[{"taxonomy":"product_brand","embeddable":true,"href":"https:\/\/zl.jewelry\/pl\/wp-json\/wp\/v2\/product_brand?post=43143"},{"taxonomy":"product_cat","embeddable":true,"href":"https:\/\/zl.jewelry\/pl\/wp-json\/wp\/v2\/product_cat?post=43143"},{"taxonomy":"product_tag","embeddable":true,"href":"https:\/\/zl.jewelry\/pl\/wp-json\/wp\/v2\/product_tag?post=43143"}],"curies":[{"name":"wp","href":"https:\/\/api.w.org\/{rel}","templated":true}]}}