{"id":43141,"date":"2025-06-18T11:02:15","date_gmt":"2025-06-18T11:02:15","guid":{"rendered":"https:\/\/zl.jewelry\/product\/bracelet-black-dragon\/"},"modified":"2026-01-27T14:57:38","modified_gmt":"2026-01-27T14:57:38","slug":"bracelet-black-dragon","status":"publish","type":"product","link":"https:\/\/zl.jewelry\/pl\/product\/bracelet-black-dragon\/","title":{"rendered":"Bransoletka &#8222;Czarny smok&#8221;"},"content":{"rendered":"<p>Materia\u0142 &#8211; sk\u00f3ra p\u0142aszczki. Wk\u0142adka &#8211; naturalny agat<\/p>\n","protected":false},"excerpt":{"rendered":"<p>Materia\u0142 &#8211; sk\u00f3ra p\u0142aszczki. Wk\u0142adka &#8211; naturalny agat<\/p>\n","protected":false},"featured_media":43142,"template":"","meta":{"_acf_changed":false},"product_brand":[],"product_cat":[557,561],"product_tag":[],"class_list":{"0":"post-43141","1":"product","2":"type-product","3":"status-publish","4":"has-post-thumbnail","6":"product_cat-bracelets-pl","7":"product_cat-leather-bracelets-with-gold-inserts-pl","9":"first","10":"instock","11":"product-type-simple"},"acf":[],"_links":{"self":[{"href":"https:\/\/zl.jewelry\/pl\/wp-json\/wp\/v2\/product\/43141","targetHints":{"allow":["GET"]}}],"collection":[{"href":"https:\/\/zl.jewelry\/pl\/wp-json\/wp\/v2\/product"}],"about":[{"href":"https:\/\/zl.jewelry\/pl\/wp-json\/wp\/v2\/types\/product"}],"wp:featuredmedia":[{"embeddable":true,"href":"https:\/\/zl.jewelry\/pl\/wp-json\/wp\/v2\/media\/43142"}],"wp:attachment":[{"href":"https:\/\/zl.jewelry\/pl\/wp-json\/wp\/v2\/media?parent=43141"}],"wp:term":[{"taxonomy":"product_brand","embeddable":true,"href":"https:\/\/zl.jewelry\/pl\/wp-json\/wp\/v2\/product_brand?post=43141"},{"taxonomy":"product_cat","embeddable":true,"href":"https:\/\/zl.jewelry\/pl\/wp-json\/wp\/v2\/product_cat?post=43141"},{"taxonomy":"product_tag","embeddable":true,"href":"https:\/\/zl.jewelry\/pl\/wp-json\/wp\/v2\/product_tag?post=43141"}],"curies":[{"name":"wp","href":"https:\/\/api.w.org\/{rel}","templated":true}]}}