{"id":43131,"date":"2025-06-18T11:02:15","date_gmt":"2025-06-18T11:02:15","guid":{"rendered":"https:\/\/zl.jewelry\/product\/bracelet-with-white-gold-inserts\/"},"modified":"2026-01-27T14:28:46","modified_gmt":"2026-01-27T14:28:46","slug":"bracelet-with-white-gold-inserts","status":"publish","type":"product","link":"https:\/\/zl.jewelry\/pl\/product\/bracelet-with-white-gold-inserts\/","title":{"rendered":"Bransoletka z inkrustacj\u0105 z bia\u0142ego z\u0142ota"},"content":{"rendered":"<p>Sk\u00f3rzana bransoletka z wstawkami z bia\u0142ego z\u0142ota. Waga zale\u017cy od \u015brednicy i ilo\u015bci wstawek, szeroko\u015b\u0107 sk\u00f3ry to 10mm, rozmiar bransoletki to 21,5, waga z\u0142ota w bi\u017cuterii to 17,13 grama. Na wk\u0142adce z przodu krzy\u017cyk pokryty jest czarn\u0105 emali\u0105, a z ty\u0142u wygrawerowany. Zapi\u0119cie to pude\u0142eczko z pojedynczym zamkiem. Bransoletka jest rodowana.<\/p>\n","protected":false},"excerpt":{"rendered":"<p>Sk\u00f3rzana bransoletka z wstawkami z bia\u0142ego z\u0142ota. Waga zale\u017cy od \u015brednicy i ilo\u015bci wstawek, szeroko\u015b\u0107 sk\u00f3ry to 10mm, rozmiar bransoletki to 21,5, waga z\u0142ota w bi\u017cuterii to 17,13 grama. Na wk\u0142adce z przodu krzy\u017cyk pokryty jest czarn\u0105 emali\u0105, a z ty\u0142u wygrawerowany. Zapi\u0119cie to pude\u0142eczko z pojedynczym zamkiem. Bransoletka jest rodowana.<\/p>\n","protected":false},"featured_media":43132,"template":"","meta":{"_acf_changed":false},"product_brand":[],"product_cat":[557,560,561],"product_tag":[],"class_list":{"0":"post-43131","1":"product","2":"type-product","3":"status-publish","4":"has-post-thumbnail","6":"product_cat-bracelets-pl","7":"product_cat-gold-bracelets-up-to-30-gr-pl","8":"product_cat-leather-bracelets-with-gold-inserts-pl","10":"first","11":"instock","12":"product-type-simple"},"acf":[],"_links":{"self":[{"href":"https:\/\/zl.jewelry\/pl\/wp-json\/wp\/v2\/product\/43131","targetHints":{"allow":["GET"]}}],"collection":[{"href":"https:\/\/zl.jewelry\/pl\/wp-json\/wp\/v2\/product"}],"about":[{"href":"https:\/\/zl.jewelry\/pl\/wp-json\/wp\/v2\/types\/product"}],"wp:featuredmedia":[{"embeddable":true,"href":"https:\/\/zl.jewelry\/pl\/wp-json\/wp\/v2\/media\/43132"}],"wp:attachment":[{"href":"https:\/\/zl.jewelry\/pl\/wp-json\/wp\/v2\/media?parent=43131"}],"wp:term":[{"taxonomy":"product_brand","embeddable":true,"href":"https:\/\/zl.jewelry\/pl\/wp-json\/wp\/v2\/product_brand?post=43131"},{"taxonomy":"product_cat","embeddable":true,"href":"https:\/\/zl.jewelry\/pl\/wp-json\/wp\/v2\/product_cat?post=43131"},{"taxonomy":"product_tag","embeddable":true,"href":"https:\/\/zl.jewelry\/pl\/wp-json\/wp\/v2\/product_tag?post=43131"}],"curies":[{"name":"wp","href":"https:\/\/api.w.org\/{rel}","templated":true}]}}