{"id":43129,"date":"2025-06-18T11:02:15","date_gmt":"2025-06-18T11:02:15","guid":{"rendered":"https:\/\/zl.jewelry\/product\/pair-bracelet-halves\/"},"modified":"2026-01-27T14:23:57","modified_gmt":"2026-01-27T14:23:57","slug":"pair-bracelet-halves","status":"publish","type":"product","link":"https:\/\/zl.jewelry\/pl\/product\/pair-bracelet-halves\/","title":{"rendered":"Bransoletka dla pary &#8222;Po\u0142\u00f3wki&#8221;"},"content":{"rendered":"<p>Bransoletka na sznurku, \u015brednica 6 mm, jeden sznurek czarny, drugi czerwony. 585* czerwone z\u0142oto. Prostok\u0105tny element centralny, d\u0142ugo\u015b\u0107 20 mm, szeroko\u015b\u0107 15 mm. Centralna wstawka to obszerna podkowa z 7 otworami. Po prawej stronie znajduje si\u0119 biedronka w czerwonym z\u0142ocie, a na niej kropki pod emali\u0105. Rozmiar tego detalu to 15 na 15 mm. Na tle jest emalia, biedronka jest na\u0142o\u017cona, w detalu s\u0105 otwory do przypinania. Po lewej stronie wz\u00f3r 15 na 15 mm, na nim li\u015b\u0107 koniczyny z nak\u0142adk\u0105, na tle emalia, do\u0142ki do wpinania.\u00a0 Na ko\u0144cu wz\u00f3r do wykonania haftu.\u00a0 Pude\u0142ko na zamek. Waga z\u0142ota 43,36 gram\u00f3w\u00a0 przy rozmiarze 22 cm.<\/p>\n","protected":false},"excerpt":{"rendered":"<p>Bransoletka na sznurku, \u015brednica 6 mm, jeden sznurek czarny, drugi czerwony. 585* czerwone z\u0142oto. Prostok\u0105tny element centralny, d\u0142ugo\u015b\u0107 20 mm, szeroko\u015b\u0107 15 mm. Centralna wstawka to obszerna podkowa z 7 otworami. Po prawej stronie znajduje si\u0119 biedronka w czerwonym z\u0142ocie, a na niej kropki pod emali\u0105. Rozmiar tego detalu to 15 na 15 mm. Na&#8230;<\/p>\n","protected":false},"featured_media":41317,"template":"","meta":{"_acf_changed":false},"product_brand":[],"product_cat":[557,562,559],"product_tag":[],"class_list":{"0":"post-43129","1":"product","2":"type-product","3":"status-publish","4":"has-post-thumbnail","6":"product_cat-bracelets-pl","7":"product_cat-silk-bracelets-with-gold-inserts-pl","8":"product_cat-gold-bracelets-from-30-gr-pl","10":"first","11":"instock","12":"product-type-simple"},"acf":[],"_links":{"self":[{"href":"https:\/\/zl.jewelry\/pl\/wp-json\/wp\/v2\/product\/43129","targetHints":{"allow":["GET"]}}],"collection":[{"href":"https:\/\/zl.jewelry\/pl\/wp-json\/wp\/v2\/product"}],"about":[{"href":"https:\/\/zl.jewelry\/pl\/wp-json\/wp\/v2\/types\/product"}],"wp:featuredmedia":[{"embeddable":true,"href":"https:\/\/zl.jewelry\/pl\/wp-json\/wp\/v2\/media\/41317"}],"wp:attachment":[{"href":"https:\/\/zl.jewelry\/pl\/wp-json\/wp\/v2\/media?parent=43129"}],"wp:term":[{"taxonomy":"product_brand","embeddable":true,"href":"https:\/\/zl.jewelry\/pl\/wp-json\/wp\/v2\/product_brand?post=43129"},{"taxonomy":"product_cat","embeddable":true,"href":"https:\/\/zl.jewelry\/pl\/wp-json\/wp\/v2\/product_cat?post=43129"},{"taxonomy":"product_tag","embeddable":true,"href":"https:\/\/zl.jewelry\/pl\/wp-json\/wp\/v2\/product_tag?post=43129"}],"curies":[{"name":"wp","href":"https:\/\/api.w.org\/{rel}","templated":true}]}}