{"id":43108,"date":"2025-06-18T11:02:21","date_gmt":"2025-06-18T11:02:21","guid":{"rendered":"https:\/\/zl.jewelry\/product\/ring-heart-of-the-dragon-2\/"},"modified":"2025-09-26T18:32:58","modified_gmt":"2025-09-26T18:32:58","slug":"ring-heart-of-the-dragon-2","status":"publish","type":"product","link":"https:\/\/zl.jewelry\/pl\/product\/ring-heart-of-the-dragon-2\/","title":{"rendered":"Pier\u015bcionek &#8222;Dragon Heart&#8221;"},"content":{"rendered":"<p>Brzoskwinia z wzorami w kolorze czerwonym 585* z\u0142otym. Waga zale\u017cy od rozmiapl. W \u015brodku wstawka z czerwonego fianitu 14mm, otoczona bezbarwnymi fianitami.&nbsp;<\/p>\n","protected":false},"excerpt":{"rendered":"<p>Brzoskwinia z wzorami w kolorze czerwonym 585* z\u0142otym. Waga zale\u017cy od rozmiapl. W \u015brodku wstawka z czerwonego fianitu 14mm, otoczona bezbarwnymi fianitami.&nbsp;<\/p>\n","protected":false},"featured_media":43109,"template":"","meta":{"_acf_changed":false},"product_brand":[],"product_cat":[517,589],"product_tag":[],"class_list":{"0":"post-43108","1":"product","2":"type-product","3":"status-publish","4":"has-post-thumbnail","6":"product_cat-mens-rings-and-seals-pl","7":"product_cat-signet-rings-pl","9":"first","10":"instock","11":"product-type-simple"},"acf":[],"_links":{"self":[{"href":"https:\/\/zl.jewelry\/pl\/wp-json\/wp\/v2\/product\/43108","targetHints":{"allow":["GET"]}}],"collection":[{"href":"https:\/\/zl.jewelry\/pl\/wp-json\/wp\/v2\/product"}],"about":[{"href":"https:\/\/zl.jewelry\/pl\/wp-json\/wp\/v2\/types\/product"}],"wp:featuredmedia":[{"embeddable":true,"href":"https:\/\/zl.jewelry\/pl\/wp-json\/wp\/v2\/media\/43109"}],"wp:attachment":[{"href":"https:\/\/zl.jewelry\/pl\/wp-json\/wp\/v2\/media?parent=43108"}],"wp:term":[{"taxonomy":"product_brand","embeddable":true,"href":"https:\/\/zl.jewelry\/pl\/wp-json\/wp\/v2\/product_brand?post=43108"},{"taxonomy":"product_cat","embeddable":true,"href":"https:\/\/zl.jewelry\/pl\/wp-json\/wp\/v2\/product_cat?post=43108"},{"taxonomy":"product_tag","embeddable":true,"href":"https:\/\/zl.jewelry\/pl\/wp-json\/wp\/v2\/product_tag?post=43108"}],"curies":[{"name":"wp","href":"https:\/\/api.w.org\/{rel}","templated":true}]}}