{"id":43104,"date":"2025-06-18T11:02:21","date_gmt":"2025-06-18T11:02:21","guid":{"rendered":"https:\/\/zl.jewelry\/product\/ring-kolovrat\/"},"modified":"2026-01-27T13:24:05","modified_gmt":"2026-01-27T13:24:05","slug":"ring-kolovrat","status":"publish","type":"product","link":"https:\/\/zl.jewelry\/pl\/product\/ring-kolovrat\/","title":{"rendered":"Pier\u015bcionek &#8222;Kolovrat&#8221;"},"content":{"rendered":"<p>Piecz\u0119\u0107 z bia\u0142ego i czerwonego z\u0142ota pr\u00f3by 585*. Podstawa z bia\u0142ego z\u0142ota, pokryta rodem, znak rotora z czerwonego z\u0142ota. Waga z\u0142ota w piecz\u0119ci zale\u017cy od rozmiaru.<\/p>\n","protected":false},"excerpt":{"rendered":"<p>Piecz\u0119\u0107 z bia\u0142ego i czerwonego z\u0142ota pr\u00f3by 585*. Podstawa z bia\u0142ego z\u0142ota, pokryta rodem, znak rotora z czerwonego z\u0142ota. Waga z\u0142ota w piecz\u0119ci zale\u017cy od rozmiaru.<\/p>\n","protected":false},"featured_media":48659,"template":"","meta":{"_acf_changed":false},"product_brand":[],"product_cat":[517],"product_tag":[],"class_list":{"0":"post-43104","1":"product","2":"type-product","3":"status-publish","4":"has-post-thumbnail","6":"product_cat-mens-rings-and-seals-pl","8":"first","9":"instock","10":"product-type-simple"},"acf":[],"_links":{"self":[{"href":"https:\/\/zl.jewelry\/pl\/wp-json\/wp\/v2\/product\/43104","targetHints":{"allow":["GET"]}}],"collection":[{"href":"https:\/\/zl.jewelry\/pl\/wp-json\/wp\/v2\/product"}],"about":[{"href":"https:\/\/zl.jewelry\/pl\/wp-json\/wp\/v2\/types\/product"}],"wp:featuredmedia":[{"embeddable":true,"href":"https:\/\/zl.jewelry\/pl\/wp-json\/wp\/v2\/media\/48659"}],"wp:attachment":[{"href":"https:\/\/zl.jewelry\/pl\/wp-json\/wp\/v2\/media?parent=43104"}],"wp:term":[{"taxonomy":"product_brand","embeddable":true,"href":"https:\/\/zl.jewelry\/pl\/wp-json\/wp\/v2\/product_brand?post=43104"},{"taxonomy":"product_cat","embeddable":true,"href":"https:\/\/zl.jewelry\/pl\/wp-json\/wp\/v2\/product_cat?post=43104"},{"taxonomy":"product_tag","embeddable":true,"href":"https:\/\/zl.jewelry\/pl\/wp-json\/wp\/v2\/product_tag?post=43104"}],"curies":[{"name":"wp","href":"https:\/\/api.w.org\/{rel}","templated":true}]}}