{"id":43102,"date":"2025-06-18T11:02:21","date_gmt":"2025-06-18T11:02:21","guid":{"rendered":"https:\/\/zl.jewelry\/product\/rope-save-and-save-4-inserts-and-lock-clip\/"},"modified":"2026-01-27T13:17:13","modified_gmt":"2026-01-27T13:17:13","slug":"rope-save-and-save-4-inserts-and-lock-clip","status":"publish","type":"product","link":"https:\/\/zl.jewelry\/pl\/product\/rope-save-and-save-4-inserts-and-lock-clip\/","title":{"rendered":"Sznur &#8222;Zapisz i zachowaj&#8221; 4 wk\u0142adki i klips blokuj\u0105cy"},"content":{"rendered":"<section class=\"l-section wpb_row height_small\"><div class=\"l-section-h i-cf\"><div class=\"g-cols vc_row via_flex valign_top type_default stacking_default\"><div class=\"vc_col-sm-12 wpb_column vc_column_container\"><div class=\"vc_column-inner\"><div class=\"wpb_wrapper\"><div class=\"wpb_text_column\"><div class=\"wpb_wrapper\"><p>\u015arednica Rope \u2014 6 mm. D\u0142ugo\u015b\u0107 Rope \u2014 zgodnie z indywidualnym \u017cyczeniem klienta.<\/p>\n<\/div><\/div><\/div><\/div><\/div><\/div><\/div><\/section>\n","protected":false},"excerpt":{"rendered":"\u015arednica Rope \u2014 6 mm. D\u0142ugo\u015b\u0107 Rope \u2014 zgodnie z indywidualnym \u017cyczeniem klienta.","protected":false},"featured_media":43103,"template":"","meta":{"_acf_changed":false},"product_brand":[],"product_cat":[496,499],"product_tag":[],"class_list":{"0":"post-43102","1":"product","2":"type-product","3":"status-publish","4":"has-post-thumbnail","6":"product_cat-jewelry-laces-pl","7":"product_cat-nylon-mens-pl","9":"first","10":"instock","11":"product-type-simple"},"acf":[],"_links":{"self":[{"href":"https:\/\/zl.jewelry\/pl\/wp-json\/wp\/v2\/product\/43102","targetHints":{"allow":["GET"]}}],"collection":[{"href":"https:\/\/zl.jewelry\/pl\/wp-json\/wp\/v2\/product"}],"about":[{"href":"https:\/\/zl.jewelry\/pl\/wp-json\/wp\/v2\/types\/product"}],"wp:featuredmedia":[{"embeddable":true,"href":"https:\/\/zl.jewelry\/pl\/wp-json\/wp\/v2\/media\/43103"}],"wp:attachment":[{"href":"https:\/\/zl.jewelry\/pl\/wp-json\/wp\/v2\/media?parent=43102"}],"wp:term":[{"taxonomy":"product_brand","embeddable":true,"href":"https:\/\/zl.jewelry\/pl\/wp-json\/wp\/v2\/product_brand?post=43102"},{"taxonomy":"product_cat","embeddable":true,"href":"https:\/\/zl.jewelry\/pl\/wp-json\/wp\/v2\/product_cat?post=43102"},{"taxonomy":"product_tag","embeddable":true,"href":"https:\/\/zl.jewelry\/pl\/wp-json\/wp\/v2\/product_tag?post=43102"}],"curies":[{"name":"wp","href":"https:\/\/api.w.org\/{rel}","templated":true}]}}