{"id":43090,"date":"2025-06-18T11:02:21","date_gmt":"2025-06-18T11:02:21","guid":{"rendered":"https:\/\/zl.jewelry\/product\/earrings-semiramide-with-amethysts\/"},"modified":"2026-01-27T12:08:06","modified_gmt":"2026-01-27T12:08:06","slug":"earrings-semiramide-with-amethysts","status":"publish","type":"product","link":"https:\/\/zl.jewelry\/pl\/product\/earrings-semiramide-with-amethysts\/","title":{"rendered":"Kolczyki &#8222;Semiramida&#8221; z ametystami"},"content":{"rendered":"<section class=\"l-section wpb_row height_small\"><div class=\"l-section-h i-cf\"><div class=\"g-cols vc_row via_flex valign_top type_default stacking_default\"><div class=\"vc_col-sm-12 wpb_column vc_column_container\"><div class=\"vc_column-inner\"><div class=\"wpb_wrapper\"><div class=\"wpb_text_column\"><div class=\"wpb_wrapper\"><p><span style=\"background-color: #ffffff; color: #1d2129; font-family: segoe ui historic,segoe ui,helvetica,arial,sans-serif; font-size: 14px;\">Kolczyki z ametystami hipnotyzuj\u0105 swoim magicznym pi\u0119knem. Ten luksusowy kamie\u0144 o g\u0142\u0119bokim fioletowym kolorze podkre\u015bli tajemnic\u0119 kobiecej natury, przypomni o wysokich uczuciach i prawdziwej czu\u0142o\u015bci. <\/span><\/p>\n<p><span style=\"background-color: #ffffff; color: #1d2129; font-family: segoe ui historic,segoe ui,helvetica,arial,sans-serif; font-size: 14px;\">Ka\u017cdy model ma sw\u00f3j niepowtarzalny urok i charakter, dzi\u0119ki czemu mo\u017cna znale\u017a\u0107 akcesorium pasuj\u0105ce do swojego wygl\u0105du.\u00a0<\/span><\/p>\n<\/div><\/div><\/div><\/div><\/div><\/div><\/div><\/section>\n","protected":false},"excerpt":{"rendered":"Kolczyki z ametystami hipnotyzuj\u0105 swoim magicznym pi\u0119knem. Ten luksusowy kamie\u0144 o g\u0142\u0119bokim fioletowym kolorze podkre\u015bli tajemnic\u0119 kobiecej natury, przypomni o wysokich uczuciach i prawdziwej czu\u0142o\u015bci. Ka\u017cdy model ma sw\u00f3j niepowtarzalny urok i charakter, dzi\u0119ki czemu mo\u017cna znale\u017a\u0107 akcesorium pasuj\u0105ce do swojego wygl\u0105du.\u00a0","protected":false},"featured_media":43091,"template":"","meta":{"_acf_changed":false},"product_brand":[],"product_cat":[538,542,543,544,546,548,550],"product_tag":[],"class_list":{"0":"post-43090","1":"product","2":"type-product","3":"status-publish","4":"has-post-thumbnail","6":"product_cat-gold-earrings-pl","7":"product_cat-drop-earrings-pl","8":"product_cat-earrings-transformers-pl","9":"product_cat-earrings-from-5gr-pl","10":"product_cat-earrings-with-diamonds-pl","11":"product_cat-earrings-with-stones-pl","12":"product_cat-with-cubic-zirkonia-pl","14":"first","15":"instock","16":"product-type-simple"},"acf":[],"_links":{"self":[{"href":"https:\/\/zl.jewelry\/pl\/wp-json\/wp\/v2\/product\/43090","targetHints":{"allow":["GET"]}}],"collection":[{"href":"https:\/\/zl.jewelry\/pl\/wp-json\/wp\/v2\/product"}],"about":[{"href":"https:\/\/zl.jewelry\/pl\/wp-json\/wp\/v2\/types\/product"}],"wp:featuredmedia":[{"embeddable":true,"href":"https:\/\/zl.jewelry\/pl\/wp-json\/wp\/v2\/media\/43091"}],"wp:attachment":[{"href":"https:\/\/zl.jewelry\/pl\/wp-json\/wp\/v2\/media?parent=43090"}],"wp:term":[{"taxonomy":"product_brand","embeddable":true,"href":"https:\/\/zl.jewelry\/pl\/wp-json\/wp\/v2\/product_brand?post=43090"},{"taxonomy":"product_cat","embeddable":true,"href":"https:\/\/zl.jewelry\/pl\/wp-json\/wp\/v2\/product_cat?post=43090"},{"taxonomy":"product_tag","embeddable":true,"href":"https:\/\/zl.jewelry\/pl\/wp-json\/wp\/v2\/product_tag?post=43090"}],"curies":[{"name":"wp","href":"https:\/\/api.w.org\/{rel}","templated":true}]}}