{"id":43055,"date":"2025-06-18T11:02:26","date_gmt":"2025-06-18T11:02:26","guid":{"rendered":"https:\/\/zl.jewelry\/product\/earrings-night-extravaganza\/"},"modified":"2026-01-27T08:36:23","modified_gmt":"2026-01-27T08:36:23","slug":"earrings-night-extravaganza","status":"publish","type":"product","link":"https:\/\/zl.jewelry\/pl\/product\/earrings-night-extravaganza\/","title":{"rendered":"Kolczyki &#8222;Nocna ekstrawagancja&#8221;"},"content":{"rendered":"<p>Kolczyki z bia\u0142ego z\u0142ota, na zapi\u0119ciu angielskim, rodowane. Masa z\u0142ota w kolczykach wynosi 2,54. Wstawione diamenty o \u015brednicy 3,5 mm.<\/p>\n","protected":false},"excerpt":{"rendered":"<p>Kolczyki z bia\u0142ego z\u0142ota, na zapi\u0119ciu angielskim, rodowane. Masa z\u0142ota w kolczykach wynosi 2,54. Wstawione diamenty o \u015brednicy 3,5 mm.<\/p>\n","protected":false},"featured_media":42640,"template":"","meta":{"_acf_changed":false},"product_brand":[],"product_cat":[538,545,546,548,550],"product_tag":[],"class_list":{"0":"post-43055","1":"product","2":"type-product","3":"status-publish","4":"has-post-thumbnail","6":"product_cat-gold-earrings-pl","7":"product_cat-earrings-up-to-5g-pl","8":"product_cat-earrings-with-diamonds-pl","9":"product_cat-earrings-with-stones-pl","10":"product_cat-with-cubic-zirkonia-pl","12":"first","13":"instock","14":"product-type-simple"},"acf":[],"_links":{"self":[{"href":"https:\/\/zl.jewelry\/pl\/wp-json\/wp\/v2\/product\/43055","targetHints":{"allow":["GET"]}}],"collection":[{"href":"https:\/\/zl.jewelry\/pl\/wp-json\/wp\/v2\/product"}],"about":[{"href":"https:\/\/zl.jewelry\/pl\/wp-json\/wp\/v2\/types\/product"}],"wp:featuredmedia":[{"embeddable":true,"href":"https:\/\/zl.jewelry\/pl\/wp-json\/wp\/v2\/media\/42640"}],"wp:attachment":[{"href":"https:\/\/zl.jewelry\/pl\/wp-json\/wp\/v2\/media?parent=43055"}],"wp:term":[{"taxonomy":"product_brand","embeddable":true,"href":"https:\/\/zl.jewelry\/pl\/wp-json\/wp\/v2\/product_brand?post=43055"},{"taxonomy":"product_cat","embeddable":true,"href":"https:\/\/zl.jewelry\/pl\/wp-json\/wp\/v2\/product_cat?post=43055"},{"taxonomy":"product_tag","embeddable":true,"href":"https:\/\/zl.jewelry\/pl\/wp-json\/wp\/v2\/product_tag?post=43055"}],"curies":[{"name":"wp","href":"https:\/\/api.w.org\/{rel}","templated":true}]}}