{"id":43054,"date":"2025-06-18T11:02:26","date_gmt":"2025-06-18T11:02:26","guid":{"rendered":"https:\/\/zl.jewelry\/product\/studs-v\/"},"modified":"2026-01-27T08:26:16","modified_gmt":"2026-01-27T08:26:16","slug":"studs-v","status":"publish","type":"product","link":"https:\/\/zl.jewelry\/pl\/product\/studs-v\/","title":{"rendered":"Kolczyki &#8222;V&#8221;"},"content":{"rendered":"<p>Kolczyki &#8211; skr\u0119cane kolczyki z czerwonego z\u0142ota, waga 2,31, wstawione kamienie Swarovskiego, \u015brednica ok. 1,25 mm, wysoko\u015b\u0107 kolczyk\u00f3w 12 mm..<\/p>\n","protected":false},"excerpt":{"rendered":"<p>Kolczyki &#8211; skr\u0119cane kolczyki z czerwonego z\u0142ota, waga 2,31, wstawione kamienie Swarovskiego, \u015brednica ok. 1,25 mm, wysoko\u015b\u0107 kolczyk\u00f3w 12 mm..<\/p>\n","protected":false},"featured_media":42638,"template":"","meta":{"_acf_changed":false},"product_brand":[],"product_cat":[538,545,546,548,549,550],"product_tag":[],"class_list":{"0":"post-43054","1":"product","2":"type-product","3":"status-publish","4":"has-post-thumbnail","6":"product_cat-gold-earrings-pl","7":"product_cat-earrings-up-to-5g-pl","8":"product_cat-earrings-with-diamonds-pl","9":"product_cat-earrings-with-stones-pl","10":"product_cat-studs-pl","11":"product_cat-with-cubic-zirkonia-pl","13":"first","14":"instock","15":"product-type-simple"},"acf":[],"_links":{"self":[{"href":"https:\/\/zl.jewelry\/pl\/wp-json\/wp\/v2\/product\/43054","targetHints":{"allow":["GET"]}}],"collection":[{"href":"https:\/\/zl.jewelry\/pl\/wp-json\/wp\/v2\/product"}],"about":[{"href":"https:\/\/zl.jewelry\/pl\/wp-json\/wp\/v2\/types\/product"}],"wp:featuredmedia":[{"embeddable":true,"href":"https:\/\/zl.jewelry\/pl\/wp-json\/wp\/v2\/media\/42638"}],"wp:attachment":[{"href":"https:\/\/zl.jewelry\/pl\/wp-json\/wp\/v2\/media?parent=43054"}],"wp:term":[{"taxonomy":"product_brand","embeddable":true,"href":"https:\/\/zl.jewelry\/pl\/wp-json\/wp\/v2\/product_brand?post=43054"},{"taxonomy":"product_cat","embeddable":true,"href":"https:\/\/zl.jewelry\/pl\/wp-json\/wp\/v2\/product_cat?post=43054"},{"taxonomy":"product_tag","embeddable":true,"href":"https:\/\/zl.jewelry\/pl\/wp-json\/wp\/v2\/product_tag?post=43054"}],"curies":[{"name":"wp","href":"https:\/\/api.w.org\/{rel}","templated":true}]}}