{"id":43051,"date":"2025-06-18T11:02:26","date_gmt":"2025-06-18T11:02:26","guid":{"rendered":"https:\/\/zl.jewelry\/product\/plain-inserts-with-pigtail-and-8mm-box\/"},"modified":"2026-01-26T16:33:47","modified_gmt":"2026-01-26T16:33:47","slug":"plain-inserts-with-pigtail-and-8mm-box","status":"publish","type":"product","link":"https:\/\/zl.jewelry\/pl\/product\/plain-inserts-with-pigtail-and-8mm-box\/","title":{"rendered":"G\u0142adkie wk\u0142adki z oplotem i pude\u0142kiem na 8 mm"},"content":{"rendered":"<p><span style=\"color: #4d4d4d; font-family: roboto,sans-serif; font-size: 16px;\">\u015arednica przekroju liny wynosi 8\u00a0mm. D\u0142ugo\u015b\u0107 liny na \u017cyczenie klienta.<\/span><\/p>\n","protected":false},"excerpt":{"rendered":"<p>\u015arednica przekroju liny wynosi 8\u00a0mm. D\u0142ugo\u015b\u0107 liny na \u017cyczenie klienta.<\/p>\n","protected":false},"featured_media":42632,"template":"","meta":{"_acf_changed":false},"product_brand":[],"product_cat":[496,499],"product_tag":[],"class_list":{"0":"post-43051","1":"product","2":"type-product","3":"status-publish","4":"has-post-thumbnail","6":"product_cat-jewelry-laces-pl","7":"product_cat-nylon-mens-pl","9":"first","10":"instock","11":"product-type-simple"},"acf":[],"_links":{"self":[{"href":"https:\/\/zl.jewelry\/pl\/wp-json\/wp\/v2\/product\/43051","targetHints":{"allow":["GET"]}}],"collection":[{"href":"https:\/\/zl.jewelry\/pl\/wp-json\/wp\/v2\/product"}],"about":[{"href":"https:\/\/zl.jewelry\/pl\/wp-json\/wp\/v2\/types\/product"}],"wp:featuredmedia":[{"embeddable":true,"href":"https:\/\/zl.jewelry\/pl\/wp-json\/wp\/v2\/media\/42632"}],"wp:attachment":[{"href":"https:\/\/zl.jewelry\/pl\/wp-json\/wp\/v2\/media?parent=43051"}],"wp:term":[{"taxonomy":"product_brand","embeddable":true,"href":"https:\/\/zl.jewelry\/pl\/wp-json\/wp\/v2\/product_brand?post=43051"},{"taxonomy":"product_cat","embeddable":true,"href":"https:\/\/zl.jewelry\/pl\/wp-json\/wp\/v2\/product_cat?post=43051"},{"taxonomy":"product_tag","embeddable":true,"href":"https:\/\/zl.jewelry\/pl\/wp-json\/wp\/v2\/product_tag?post=43051"}],"curies":[{"name":"wp","href":"https:\/\/api.w.org\/{rel}","templated":true}]}}